{"id":15324,"date":"2021-06-23T15:35:24","date_gmt":"2021-06-23T15:35:24","guid":{"rendered":"https:\/\/server.idssoft.net\/idsdemo\/producto\/kit-tecladoraton-inalambrico-trust-ximo\/"},"modified":"2021-06-23T15:35:24","modified_gmt":"2021-06-23T15:35:24","slug":"kit-tecladoraton-inalambrico-trust-ximo","status":"publish","type":"product","link":"https:\/\/server.idssoft.net\/idsdemo\/producto\/kit-tecladoraton-inalambrico-trust-ximo\/","title":{"rendered":"KIT TECLADO+RATON INALAMBRICO TRUST XIMO"},"content":{"rendered":"<p>\u2022 Teclado inal\u00e1mbrico con teclas de tama\u00f1o completo y rat\u00f3n compacto<br \/>\u2022 Dise\u00f1o completo con 104 teclas y pulsaci\u00f3n c\u00f3moda<br \/>\u2022 Rat\u00f3n inal\u00e1mbrico compacto con velocidad regulable (800-1200-1600 ppp)<br \/>\u2022 Un receptor de tama\u00f1o m<\/p>\n","protected":false},"excerpt":{"rendered":"<p>\u2022 Teclado inal\u00e1mbrico con teclas de tama\u00f1o completo y rat\u00f3n compacto\u2022 Dise\u00f1o completo con 104 teclas y pulsaci\u00f3n c\u00f3moda\u2022 Rat\u00f3n inal\u00e1mbrico compacto con velocidad regulable (800-1200-1600 ppp)\u2022 Un receptor de tama\u00f1o m<\/p>\n","protected":false},"featured_media":15323,"comment_status":"open","ping_status":"closed","template":"","meta":[],"product_cat":[567],"product_tag":[],"class_list":["post-15324","product","type-product","status-publish","has-post-thumbnail","hentry","product_cat-kit-teclado-raton","thunk-woo-product-list","opn-qv-enable","top-store-woo-hover-","top-store-single-product-tab-horizontal","top-store-shadow-","top-store-shadow-hover-"],"_links":{"self":[{"href":"https:\/\/server.idssoft.net\/idsdemo\/wp-json\/wp\/v2\/product\/15324","targetHints":{"allow":["GET"]}}],"collection":[{"href":"https:\/\/server.idssoft.net\/idsdemo\/wp-json\/wp\/v2\/product"}],"about":[{"href":"https:\/\/server.idssoft.net\/idsdemo\/wp-json\/wp\/v2\/types\/product"}],"replies":[{"embeddable":true,"href":"https:\/\/server.idssoft.net\/idsdemo\/wp-json\/wp\/v2\/comments?post=15324"}],"wp:featuredmedia":[{"embeddable":true,"href":"https:\/\/server.idssoft.net\/idsdemo\/wp-json\/wp\/v2\/media\/15323"}],"wp:attachment":[{"href":"https:\/\/server.idssoft.net\/idsdemo\/wp-json\/wp\/v2\/media?parent=15324"}],"wp:term":[{"taxonomy":"product_cat","embeddable":true,"href":"https:\/\/server.idssoft.net\/idsdemo\/wp-json\/wp\/v2\/product_cat?post=15324"},{"taxonomy":"product_tag","embeddable":true,"href":"https:\/\/server.idssoft.net\/idsdemo\/wp-json\/wp\/v2\/product_tag?post=15324"}],"curies":[{"name":"wp","href":"https:\/\/api.w.org\/{rel}","templated":true}]}}