{"id":15331,"date":"2021-06-23T15:35:38","date_gmt":"2021-06-23T15:35:38","guid":{"rendered":"https:\/\/server.idssoft.net\/idsdemo\/producto\/teclado-trust-tk-150-tamano-compacto-resistente-vertidos\/"},"modified":"2021-06-23T15:35:38","modified_gmt":"2021-06-23T15:35:38","slug":"teclado-trust-tk-150-tamano-compacto-resistente-vertidos","status":"publish","type":"product","link":"https:\/\/server.idssoft.net\/idsdemo\/producto\/teclado-trust-tk-150-tamano-compacto-resistente-vertidos\/","title":{"rendered":"TECLADO TRUST TK-150 TAMA\u00d1O COMPACTO RESISTENTE VERTIDOS"},"content":{"rendered":"<p>\u2022Teclado de tama\u00f1o completo para una eficiencia y productividad \u00f3ptima<br \/>\u2022Tecleado silencioso, para evitar molestias a la familia o los colegas<br \/>\u2022Dise\u00f1o resistente a los vertidos para proteger ante la ca\u00edda de l\u00edquidos<br \/>\u2022Cable<\/p>\n","protected":false},"excerpt":{"rendered":"<p>\u2022Teclado de tama\u00f1o completo para una eficiencia y productividad \u00f3ptima\u2022Tecleado silencioso, para evitar molestias a la familia o los colegas\u2022Dise\u00f1o resistente a los vertidos para proteger ante la ca\u00edda de l\u00edquidos\u2022Cable<\/p>\n","protected":false},"featured_media":15330,"comment_status":"open","ping_status":"closed","template":"","meta":[],"product_cat":[566],"product_tag":[],"class_list":["post-15331","product","type-product","status-publish","has-post-thumbnail","hentry","product_cat-teclados","thunk-woo-product-list","opn-qv-enable","top-store-woo-hover-","top-store-single-product-tab-horizontal","top-store-shadow-","top-store-shadow-hover-"],"_links":{"self":[{"href":"https:\/\/server.idssoft.net\/idsdemo\/wp-json\/wp\/v2\/product\/15331","targetHints":{"allow":["GET"]}}],"collection":[{"href":"https:\/\/server.idssoft.net\/idsdemo\/wp-json\/wp\/v2\/product"}],"about":[{"href":"https:\/\/server.idssoft.net\/idsdemo\/wp-json\/wp\/v2\/types\/product"}],"replies":[{"embeddable":true,"href":"https:\/\/server.idssoft.net\/idsdemo\/wp-json\/wp\/v2\/comments?post=15331"}],"wp:featuredmedia":[{"embeddable":true,"href":"https:\/\/server.idssoft.net\/idsdemo\/wp-json\/wp\/v2\/media\/15330"}],"wp:attachment":[{"href":"https:\/\/server.idssoft.net\/idsdemo\/wp-json\/wp\/v2\/media?parent=15331"}],"wp:term":[{"taxonomy":"product_cat","embeddable":true,"href":"https:\/\/server.idssoft.net\/idsdemo\/wp-json\/wp\/v2\/product_cat?post=15331"},{"taxonomy":"product_tag","embeddable":true,"href":"https:\/\/server.idssoft.net\/idsdemo\/wp-json\/wp\/v2\/product_tag?post=15331"}],"curies":[{"name":"wp","href":"https:\/\/api.w.org\/{rel}","templated":true}]}}