{"id":15343,"date":"2021-06-23T15:36:00","date_gmt":"2021-06-23T15:36:00","guid":{"rendered":"https:\/\/server.idssoft.net\/idsdemo\/producto\/cortapelos-con-accesorio-de-barbero-jata\/"},"modified":"2021-06-23T15:36:00","modified_gmt":"2021-06-23T15:36:00","slug":"cortapelos-con-accesorio-de-barbero-jata","status":"publish","type":"product","link":"https:\/\/server.idssoft.net\/idsdemo\/producto\/cortapelos-con-accesorio-de-barbero-jata\/","title":{"rendered":"CORTAPELOS CON ACCESORIO DE BARBERO JATA"},"content":{"rendered":"<p>&#8211; Funcionamiento directo a red y con bater\u00eda.<br \/>&#8211; Sin cable. Autonom\u00eda 50 minutos.<br \/>&#8211; Recargable.<br \/>&#8211; Sistema telesc\u00f3pico de longitud de corte.<br \/>&#8211; 2 gu\u00edas de corte: 1 &#8211; 10 mm. \/ 11 &#8211; 20 mm.<br \/>&#8211; Cabezal extra\u00edble para f\u00e1cil limpi<\/p>\n","protected":false},"excerpt":{"rendered":"<p>&#8211; Funcionamiento directo a red y con bater\u00eda.&#8211; Sin cable. Autonom\u00eda 50 minutos.&#8211; Recargable.&#8211; Sistema telesc\u00f3pico de longitud de corte.&#8211; 2 gu\u00edas de corte: 1 &#8211; 10 mm. \/ 11 &#8211; 20 mm.&#8211; Cabezal extra\u00edble para f\u00e1cil limpi<\/p>\n","protected":false},"featured_media":15341,"comment_status":"open","ping_status":"closed","template":"","meta":[],"product_cat":[509],"product_tag":[],"class_list":["post-15343","product","type-product","status-publish","has-post-thumbnail","hentry","product_cat-cuidado-cabello","thunk-woo-product-list","opn-qv-enable","top-store-woo-hover-","top-store-single-product-tab-horizontal","top-store-shadow-","top-store-shadow-hover-"],"_links":{"self":[{"href":"https:\/\/server.idssoft.net\/idsdemo\/wp-json\/wp\/v2\/product\/15343","targetHints":{"allow":["GET"]}}],"collection":[{"href":"https:\/\/server.idssoft.net\/idsdemo\/wp-json\/wp\/v2\/product"}],"about":[{"href":"https:\/\/server.idssoft.net\/idsdemo\/wp-json\/wp\/v2\/types\/product"}],"replies":[{"embeddable":true,"href":"https:\/\/server.idssoft.net\/idsdemo\/wp-json\/wp\/v2\/comments?post=15343"}],"wp:featuredmedia":[{"embeddable":true,"href":"https:\/\/server.idssoft.net\/idsdemo\/wp-json\/wp\/v2\/media\/15341"}],"wp:attachment":[{"href":"https:\/\/server.idssoft.net\/idsdemo\/wp-json\/wp\/v2\/media?parent=15343"}],"wp:term":[{"taxonomy":"product_cat","embeddable":true,"href":"https:\/\/server.idssoft.net\/idsdemo\/wp-json\/wp\/v2\/product_cat?post=15343"},{"taxonomy":"product_tag","embeddable":true,"href":"https:\/\/server.idssoft.net\/idsdemo\/wp-json\/wp\/v2\/product_tag?post=15343"}],"curies":[{"name":"wp","href":"https:\/\/api.w.org\/{rel}","templated":true}]}}