{"id":15346,"date":"2021-06-23T15:36:05","date_gmt":"2021-06-23T15:36:05","guid":{"rendered":"https:\/\/server.idssoft.net\/idsdemo\/producto\/cortapelos-cortefacil-perfilador-corporal-jata\/"},"modified":"2021-06-23T15:36:05","modified_gmt":"2021-06-23T15:36:05","slug":"cortapelos-cortefacil-perfilador-corporal-jata","status":"publish","type":"product","link":"https:\/\/server.idssoft.net\/idsdemo\/producto\/cortapelos-cortefacil-perfilador-corporal-jata\/","title":{"rendered":"CORTAPELOS CORTEF\u00c1CIL \/ PERFILADOR CORPORAL JATA"},"content":{"rendered":"<p>El perfilador corporal cer\u00e1mico MP295 de Jata es recargable y tiene una autonom\u00eda de 50 minutos, su superficie de corte cer\u00e1mica hace que no necesite afilarse.<\/p>\n<p>&#8211; Especial barba, bigote, perfilador corporal.<br \/>&#8211; Sin cable. Autonom\u00eda 50 mi<\/p>\n","protected":false},"excerpt":{"rendered":"<p>El perfilador corporal cer\u00e1mico MP295 de Jata es recargable y tiene una autonom\u00eda de 50 minutos, su superficie de corte cer\u00e1mica hace que no necesite afilarse. &#8211; Especial barba, bigote, perfilador corporal.&#8211; Sin cable. Autonom\u00eda 50 mi<\/p>\n","protected":false},"featured_media":15344,"comment_status":"open","ping_status":"closed","template":"","meta":[],"product_cat":[509],"product_tag":[],"class_list":["post-15346","product","type-product","status-publish","has-post-thumbnail","hentry","product_cat-cuidado-cabello","thunk-woo-product-list","opn-qv-enable","top-store-woo-hover-","top-store-single-product-tab-horizontal","top-store-shadow-","top-store-shadow-hover-"],"_links":{"self":[{"href":"https:\/\/server.idssoft.net\/idsdemo\/wp-json\/wp\/v2\/product\/15346","targetHints":{"allow":["GET"]}}],"collection":[{"href":"https:\/\/server.idssoft.net\/idsdemo\/wp-json\/wp\/v2\/product"}],"about":[{"href":"https:\/\/server.idssoft.net\/idsdemo\/wp-json\/wp\/v2\/types\/product"}],"replies":[{"embeddable":true,"href":"https:\/\/server.idssoft.net\/idsdemo\/wp-json\/wp\/v2\/comments?post=15346"}],"wp:featuredmedia":[{"embeddable":true,"href":"https:\/\/server.idssoft.net\/idsdemo\/wp-json\/wp\/v2\/media\/15344"}],"wp:attachment":[{"href":"https:\/\/server.idssoft.net\/idsdemo\/wp-json\/wp\/v2\/media?parent=15346"}],"wp:term":[{"taxonomy":"product_cat","embeddable":true,"href":"https:\/\/server.idssoft.net\/idsdemo\/wp-json\/wp\/v2\/product_cat?post=15346"},{"taxonomy":"product_tag","embeddable":true,"href":"https:\/\/server.idssoft.net\/idsdemo\/wp-json\/wp\/v2\/product_tag?post=15346"}],"curies":[{"name":"wp","href":"https:\/\/api.w.org\/{rel}","templated":true}]}}