{"id":15350,"date":"2021-06-23T15:36:11","date_gmt":"2021-06-23T15:36:11","guid":{"rendered":"https:\/\/server.idssoft.net\/idsdemo\/producto\/cortapelos-cortefacil-recargable-jata\/"},"modified":"2021-06-23T15:36:11","modified_gmt":"2021-06-23T15:36:11","slug":"cortapelos-cortefacil-recargable-jata","status":"publish","type":"product","link":"https:\/\/server.idssoft.net\/idsdemo\/producto\/cortapelos-cortefacil-recargable-jata\/","title":{"rendered":"CORTAPELOS CORTEF\u00c1CIL RECARGABLE JATA"},"content":{"rendered":"<p>El cortef\u00e1cil recargable MP373N tiene una autonom\u00eda de 60 minutos. Se consigue gran precisi\u00f3n en el corte con su sistema telescopico de longitud de corte y sus cuchillas de acero inoxidable.<\/p>\n<p>&#8211; Sin cable. Autonom\u00eda 60 minutos.<br \/>&#8211; Sistema<\/p>\n","protected":false},"excerpt":{"rendered":"<p>El cortef\u00e1cil recargable MP373N tiene una autonom\u00eda de 60 minutos. Se consigue gran precisi\u00f3n en el corte con su sistema telescopico de longitud de corte y sus cuchillas de acero inoxidable. &#8211; Sin cable. Autonom\u00eda 60 minutos.&#8211; Sistema<\/p>\n","protected":false},"featured_media":15348,"comment_status":"open","ping_status":"closed","template":"","meta":[],"product_cat":[509],"product_tag":[],"class_list":["post-15350","product","type-product","status-publish","has-post-thumbnail","hentry","product_cat-cuidado-cabello","thunk-woo-product-list","opn-qv-enable","top-store-woo-hover-","top-store-single-product-tab-horizontal","top-store-shadow-","top-store-shadow-hover-"],"_links":{"self":[{"href":"https:\/\/server.idssoft.net\/idsdemo\/wp-json\/wp\/v2\/product\/15350","targetHints":{"allow":["GET"]}}],"collection":[{"href":"https:\/\/server.idssoft.net\/idsdemo\/wp-json\/wp\/v2\/product"}],"about":[{"href":"https:\/\/server.idssoft.net\/idsdemo\/wp-json\/wp\/v2\/types\/product"}],"replies":[{"embeddable":true,"href":"https:\/\/server.idssoft.net\/idsdemo\/wp-json\/wp\/v2\/comments?post=15350"}],"wp:featuredmedia":[{"embeddable":true,"href":"https:\/\/server.idssoft.net\/idsdemo\/wp-json\/wp\/v2\/media\/15348"}],"wp:attachment":[{"href":"https:\/\/server.idssoft.net\/idsdemo\/wp-json\/wp\/v2\/media?parent=15350"}],"wp:term":[{"taxonomy":"product_cat","embeddable":true,"href":"https:\/\/server.idssoft.net\/idsdemo\/wp-json\/wp\/v2\/product_cat?post=15350"},{"taxonomy":"product_tag","embeddable":true,"href":"https:\/\/server.idssoft.net\/idsdemo\/wp-json\/wp\/v2\/product_tag?post=15350"}],"curies":[{"name":"wp","href":"https:\/\/api.w.org\/{rel}","templated":true}]}}