{"id":15353,"date":"2021-06-23T15:36:15","date_gmt":"2021-06-23T15:36:15","guid":{"rendered":"https:\/\/server.idssoft.net\/idsdemo\/producto\/maquina-de-afeitar-rasurar-impermeable-jata\/"},"modified":"2021-06-23T15:36:15","modified_gmt":"2021-06-23T15:36:15","slug":"maquina-de-afeitar-rasurar-impermeable-jata","status":"publish","type":"product","link":"https:\/\/server.idssoft.net\/idsdemo\/producto\/maquina-de-afeitar-rasurar-impermeable-jata\/","title":{"rendered":"MAQUINA DE AFEITAR \/ RASURAR IMPERMEABLE JATA"},"content":{"rendered":"<p>&#8211; Sin cable. Autonom\u00eda 60 minutos.<br \/>&#8211; Recargable.<br \/>&#8211; Impermeable al agua. IPX5.<br \/>&#8211; Carga r\u00e1pida de la bater\u00eda: 2 horas.<br \/>&#8211; 5 accesorios intercambiables: &#8211; Afeitadora de 3 cabezales Rasuradora corporal &#8211; Rasuradora &#8211; Gu\u00eda de corte m<\/p>\n","protected":false},"excerpt":{"rendered":"<p>&#8211; Sin cable. Autonom\u00eda 60 minutos.&#8211; Recargable.&#8211; Impermeable al agua. IPX5.&#8211; Carga r\u00e1pida de la bater\u00eda: 2 horas.&#8211; 5 accesorios intercambiables: &#8211; Afeitadora de 3 cabezales Rasuradora corporal &#8211; Rasuradora &#8211; Gu\u00eda de corte m<\/p>\n","protected":false},"featured_media":15351,"comment_status":"open","ping_status":"closed","template":"","meta":[],"product_cat":[509],"product_tag":[],"class_list":["post-15353","product","type-product","status-publish","has-post-thumbnail","hentry","product_cat-cuidado-cabello","thunk-woo-product-list","opn-qv-enable","top-store-woo-hover-","top-store-single-product-tab-horizontal","top-store-shadow-","top-store-shadow-hover-"],"_links":{"self":[{"href":"https:\/\/server.idssoft.net\/idsdemo\/wp-json\/wp\/v2\/product\/15353","targetHints":{"allow":["GET"]}}],"collection":[{"href":"https:\/\/server.idssoft.net\/idsdemo\/wp-json\/wp\/v2\/product"}],"about":[{"href":"https:\/\/server.idssoft.net\/idsdemo\/wp-json\/wp\/v2\/types\/product"}],"replies":[{"embeddable":true,"href":"https:\/\/server.idssoft.net\/idsdemo\/wp-json\/wp\/v2\/comments?post=15353"}],"wp:featuredmedia":[{"embeddable":true,"href":"https:\/\/server.idssoft.net\/idsdemo\/wp-json\/wp\/v2\/media\/15351"}],"wp:attachment":[{"href":"https:\/\/server.idssoft.net\/idsdemo\/wp-json\/wp\/v2\/media?parent=15353"}],"wp:term":[{"taxonomy":"product_cat","embeddable":true,"href":"https:\/\/server.idssoft.net\/idsdemo\/wp-json\/wp\/v2\/product_cat?post=15353"},{"taxonomy":"product_tag","embeddable":true,"href":"https:\/\/server.idssoft.net\/idsdemo\/wp-json\/wp\/v2\/product_tag?post=15353"}],"curies":[{"name":"wp","href":"https:\/\/api.w.org\/{rel}","templated":true}]}}