{"id":15361,"date":"2021-06-23T15:36:32","date_gmt":"2021-06-23T15:36:32","guid":{"rendered":"https:\/\/server.idssoft.net\/idsdemo\/producto\/plancha-pelo-ceramica-tourmaline-jata\/"},"modified":"2021-06-23T15:36:32","modified_gmt":"2021-06-23T15:36:32","slug":"plancha-pelo-ceramica-tourmaline-jata","status":"publish","type":"product","link":"https:\/\/server.idssoft.net\/idsdemo\/producto\/plancha-pelo-ceramica-tourmaline-jata\/","title":{"rendered":"PLANCHA PELO CER\u00c1MICA TOURMALINE JATA"},"content":{"rendered":"<p>Consigue un pelo perfectamente liso sin da\u00f1arlo con la tecnolog\u00eda cer\u00e1mica Toumaline de la plancha de pelo de Jata. Bolsa t\u00e9rmica incluida para llev\u00e1rtela donde quieras<br \/>Placas cer\u00e1micas Tourmaline para un cuidado intensivo del cabello.<\/p>\n","protected":false},"excerpt":{"rendered":"<p>Consigue un pelo perfectamente liso sin da\u00f1arlo con la tecnolog\u00eda cer\u00e1mica Toumaline de la plancha de pelo de Jata. Bolsa t\u00e9rmica incluida para llev\u00e1rtela donde quierasPlacas cer\u00e1micas Tourmaline para un cuidado intensivo del cabello.<\/p>\n","protected":false},"featured_media":15359,"comment_status":"open","ping_status":"closed","template":"","meta":[],"product_cat":[509],"product_tag":[],"class_list":["post-15361","product","type-product","status-publish","has-post-thumbnail","hentry","product_cat-cuidado-cabello","thunk-woo-product-list","opn-qv-enable","top-store-woo-hover-","top-store-single-product-tab-horizontal","top-store-shadow-","top-store-shadow-hover-"],"_links":{"self":[{"href":"https:\/\/server.idssoft.net\/idsdemo\/wp-json\/wp\/v2\/product\/15361","targetHints":{"allow":["GET"]}}],"collection":[{"href":"https:\/\/server.idssoft.net\/idsdemo\/wp-json\/wp\/v2\/product"}],"about":[{"href":"https:\/\/server.idssoft.net\/idsdemo\/wp-json\/wp\/v2\/types\/product"}],"replies":[{"embeddable":true,"href":"https:\/\/server.idssoft.net\/idsdemo\/wp-json\/wp\/v2\/comments?post=15361"}],"wp:featuredmedia":[{"embeddable":true,"href":"https:\/\/server.idssoft.net\/idsdemo\/wp-json\/wp\/v2\/media\/15359"}],"wp:attachment":[{"href":"https:\/\/server.idssoft.net\/idsdemo\/wp-json\/wp\/v2\/media?parent=15361"}],"wp:term":[{"taxonomy":"product_cat","embeddable":true,"href":"https:\/\/server.idssoft.net\/idsdemo\/wp-json\/wp\/v2\/product_cat?post=15361"},{"taxonomy":"product_tag","embeddable":true,"href":"https:\/\/server.idssoft.net\/idsdemo\/wp-json\/wp\/v2\/product_tag?post=15361"}],"curies":[{"name":"wp","href":"https:\/\/api.w.org\/{rel}","templated":true}]}}