{"id":15364,"date":"2021-06-23T15:36:38","date_gmt":"2021-06-23T15:36:38","guid":{"rendered":"https:\/\/server.idssoft.net\/idsdemo\/producto\/secador-ionico-motor-profesional-ac-2400w-jata\/"},"modified":"2021-06-23T15:36:38","modified_gmt":"2021-06-23T15:36:38","slug":"secador-ionico-motor-profesional-ac-2400w-jata","status":"publish","type":"product","link":"https:\/\/server.idssoft.net\/idsdemo\/producto\/secador-ionico-motor-profesional-ac-2400w-jata\/","title":{"rendered":"SECADOR I\u00d3NICO MOTOR PROFESIONAL AC 2400W JATA"},"content":{"rendered":"<p>C\u00f3mo conseguir un pelo impecable con el secador i\u00f3nico de motor profesional AC de Jata. Gracias a su limitador t\u00e9rmico de seguridad y su generador de iones cont\u00ednuo que elimina la electricidad est\u00e1tica, reducir\u00e1s el tiempo de secado y conseguir?<\/p>\n","protected":false},"excerpt":{"rendered":"<p>C\u00f3mo conseguir un pelo impecable con el secador i\u00f3nico de motor profesional AC de Jata. Gracias a su limitador t\u00e9rmico de seguridad y su generador de iones cont\u00ednuo que elimina la electricidad est\u00e1tica, reducir\u00e1s el tiempo de secado y conseguir?<\/p>\n","protected":false},"featured_media":15362,"comment_status":"open","ping_status":"closed","template":"","meta":[],"product_cat":[509],"product_tag":[],"class_list":["post-15364","product","type-product","status-publish","has-post-thumbnail","hentry","product_cat-cuidado-cabello","thunk-woo-product-list","opn-qv-enable","top-store-woo-hover-","top-store-single-product-tab-horizontal","top-store-shadow-","top-store-shadow-hover-"],"_links":{"self":[{"href":"https:\/\/server.idssoft.net\/idsdemo\/wp-json\/wp\/v2\/product\/15364","targetHints":{"allow":["GET"]}}],"collection":[{"href":"https:\/\/server.idssoft.net\/idsdemo\/wp-json\/wp\/v2\/product"}],"about":[{"href":"https:\/\/server.idssoft.net\/idsdemo\/wp-json\/wp\/v2\/types\/product"}],"replies":[{"embeddable":true,"href":"https:\/\/server.idssoft.net\/idsdemo\/wp-json\/wp\/v2\/comments?post=15364"}],"wp:featuredmedia":[{"embeddable":true,"href":"https:\/\/server.idssoft.net\/idsdemo\/wp-json\/wp\/v2\/media\/15362"}],"wp:attachment":[{"href":"https:\/\/server.idssoft.net\/idsdemo\/wp-json\/wp\/v2\/media?parent=15364"}],"wp:term":[{"taxonomy":"product_cat","embeddable":true,"href":"https:\/\/server.idssoft.net\/idsdemo\/wp-json\/wp\/v2\/product_cat?post=15364"},{"taxonomy":"product_tag","embeddable":true,"href":"https:\/\/server.idssoft.net\/idsdemo\/wp-json\/wp\/v2\/product_tag?post=15364"}],"curies":[{"name":"wp","href":"https:\/\/api.w.org\/{rel}","templated":true}]}}