{"id":15376,"date":"2021-06-23T15:36:59","date_gmt":"2021-06-23T15:36:59","guid":{"rendered":"https:\/\/server.idssoft.net\/idsdemo\/producto\/depiladora-last-minute-dp80b-jata\/"},"modified":"2021-06-23T15:36:59","modified_gmt":"2021-06-23T15:36:59","slug":"depiladora-last-minute-dp80b-jata","status":"publish","type":"product","link":"https:\/\/server.idssoft.net\/idsdemo\/producto\/depiladora-last-minute-dp80b-jata\/","title":{"rendered":"DEPILADORA LAST MINUTE DP80B JATA"},"content":{"rendered":"<p>&#8211; Protegido contra proyecciones de agua (IPX4).<br \/>&#8211; Cabezal extraible para f\u00e1cil limpieza.<br \/>&#8211; Pulsador de encendido.<br \/>&#8211; Protector de cuchillas. <br \/>&#8211; Dise\u00f1o ligero y ergon\u00f3mico.<br \/>&#8211; Disponible en 4 colores: morado, rosa, beige y azu<\/p>\n","protected":false},"excerpt":{"rendered":"<p>&#8211; Protegido contra proyecciones de agua (IPX4).&#8211; Cabezal extraible para f\u00e1cil limpieza.&#8211; Pulsador de encendido.&#8211; Protector de cuchillas. &#8211; Dise\u00f1o ligero y ergon\u00f3mico.&#8211; Disponible en 4 colores: morado, rosa, beige y azu<\/p>\n","protected":false},"featured_media":15375,"comment_status":"open","ping_status":"closed","template":"","meta":[],"product_cat":[556],"product_tag":[],"class_list":["post-15376","product","type-product","status-publish","has-post-thumbnail","hentry","product_cat-cuidado-de-la-piel","thunk-woo-product-list","opn-qv-enable","top-store-woo-hover-","top-store-single-product-tab-horizontal","top-store-shadow-","top-store-shadow-hover-"],"_links":{"self":[{"href":"https:\/\/server.idssoft.net\/idsdemo\/wp-json\/wp\/v2\/product\/15376","targetHints":{"allow":["GET"]}}],"collection":[{"href":"https:\/\/server.idssoft.net\/idsdemo\/wp-json\/wp\/v2\/product"}],"about":[{"href":"https:\/\/server.idssoft.net\/idsdemo\/wp-json\/wp\/v2\/types\/product"}],"replies":[{"embeddable":true,"href":"https:\/\/server.idssoft.net\/idsdemo\/wp-json\/wp\/v2\/comments?post=15376"}],"wp:featuredmedia":[{"embeddable":true,"href":"https:\/\/server.idssoft.net\/idsdemo\/wp-json\/wp\/v2\/media\/15375"}],"wp:attachment":[{"href":"https:\/\/server.idssoft.net\/idsdemo\/wp-json\/wp\/v2\/media?parent=15376"}],"wp:term":[{"taxonomy":"product_cat","embeddable":true,"href":"https:\/\/server.idssoft.net\/idsdemo\/wp-json\/wp\/v2\/product_cat?post=15376"},{"taxonomy":"product_tag","embeddable":true,"href":"https:\/\/server.idssoft.net\/idsdemo\/wp-json\/wp\/v2\/product_tag?post=15376"}],"curies":[{"name":"wp","href":"https:\/\/api.w.org\/{rel}","templated":true}]}}