{"id":15385,"date":"2021-06-23T15:37:14","date_gmt":"2021-06-23T15:37:14","guid":{"rendered":"https:\/\/server.idssoft.net\/idsdemo\/producto\/set-manicura-y-pedicura-7-accesorios-jata\/"},"modified":"2021-06-23T15:37:14","modified_gmt":"2021-06-23T15:37:14","slug":"set-manicura-y-pedicura-7-accesorios-jata","status":"publish","type":"product","link":"https:\/\/server.idssoft.net\/idsdemo\/producto\/set-manicura-y-pedicura-7-accesorios-jata\/","title":{"rendered":"SET MANICURA Y PEDICURA 7 ACCESORIOS JATA"},"content":{"rendered":"<p>&#8211; 7 accesorios profesionales para manicura y pedicura.<br \/>&#8211; 13 velocidades.<br \/>&#8211; Motor con doble sentido de rotaci\u00f3n. Alta potencia.<br \/>&#8211; Mando para selecci\u00f3n de giro.<br \/>&#8211; Luz integrada para una \u00f3ptima visi\u00f3n.<br \/>&#8211; Dise\u00f1o ligero y ergo<\/p>\n","protected":false},"excerpt":{"rendered":"<p>&#8211; 7 accesorios profesionales para manicura y pedicura.&#8211; 13 velocidades.&#8211; Motor con doble sentido de rotaci\u00f3n. Alta potencia.&#8211; Mando para selecci\u00f3n de giro.&#8211; Luz integrada para una \u00f3ptima visi\u00f3n.&#8211; Dise\u00f1o ligero y ergo<\/p>\n","protected":false},"featured_media":15383,"comment_status":"open","ping_status":"closed","template":"","meta":[],"product_cat":[556],"product_tag":[],"class_list":["post-15385","product","type-product","status-publish","has-post-thumbnail","hentry","product_cat-cuidado-de-la-piel","thunk-woo-product-list","opn-qv-enable","top-store-woo-hover-","top-store-single-product-tab-horizontal","top-store-shadow-","top-store-shadow-hover-"],"_links":{"self":[{"href":"https:\/\/server.idssoft.net\/idsdemo\/wp-json\/wp\/v2\/product\/15385","targetHints":{"allow":["GET"]}}],"collection":[{"href":"https:\/\/server.idssoft.net\/idsdemo\/wp-json\/wp\/v2\/product"}],"about":[{"href":"https:\/\/server.idssoft.net\/idsdemo\/wp-json\/wp\/v2\/types\/product"}],"replies":[{"embeddable":true,"href":"https:\/\/server.idssoft.net\/idsdemo\/wp-json\/wp\/v2\/comments?post=15385"}],"wp:featuredmedia":[{"embeddable":true,"href":"https:\/\/server.idssoft.net\/idsdemo\/wp-json\/wp\/v2\/media\/15383"}],"wp:attachment":[{"href":"https:\/\/server.idssoft.net\/idsdemo\/wp-json\/wp\/v2\/media?parent=15385"}],"wp:term":[{"taxonomy":"product_cat","embeddable":true,"href":"https:\/\/server.idssoft.net\/idsdemo\/wp-json\/wp\/v2\/product_cat?post=15385"},{"taxonomy":"product_tag","embeddable":true,"href":"https:\/\/server.idssoft.net\/idsdemo\/wp-json\/wp\/v2\/product_tag?post=15385"}],"curies":[{"name":"wp","href":"https:\/\/api.w.org\/{rel}","templated":true}]}}