{"id":15394,"date":"2021-06-23T15:37:30","date_gmt":"2021-06-23T15:37:30","guid":{"rendered":"https:\/\/server.idssoft.net\/idsdemo\/producto\/licuadora-800w-2-velocidades-2-5l-800ml-jata\/"},"modified":"2021-06-23T15:37:30","modified_gmt":"2021-06-23T15:37:30","slug":"licuadora-800w-2-velocidades-2-5l-800ml-jata","status":"publish","type":"product","link":"https:\/\/server.idssoft.net\/idsdemo\/producto\/licuadora-800w-2-velocidades-2-5l-800ml-jata\/","title":{"rendered":"LICUADORA 800W 2 VELOCIDADES 2.5L + 800ML JATA"},"content":{"rendered":"<p>&#8211; Cuerpo 100% acero inoxidable<br \/> -Gesti\u00f3n electr\u00f3nica integral<br \/>&#8211; Panel de mandos t\u00e1ctil: &#8211; Encendido \/ apagado- 5 funciones programadas para licuar todo tipo de frutas y vegetales- Inicio \/ paro<br \/>&#8211; Filtro de licuado \u00edntegro en acero i<\/p>\n","protected":false},"excerpt":{"rendered":"<p>&#8211; Cuerpo 100% acero inoxidable -Gesti\u00f3n electr\u00f3nica integral&#8211; Panel de mandos t\u00e1ctil: &#8211; Encendido \/ apagado- 5 funciones programadas para licuar todo tipo de frutas y vegetales- Inicio \/ paro&#8211; Filtro de licuado \u00edntegro en acero i<\/p>\n","protected":false},"featured_media":15392,"comment_status":"open","ping_status":"closed","template":"","meta":[],"product_cat":[501],"product_tag":[],"class_list":["post-15394","product","type-product","status-publish","has-post-thumbnail","hentry","product_cat-exprimidores-licuadoras","thunk-woo-product-list","opn-qv-enable","top-store-woo-hover-","top-store-single-product-tab-horizontal","top-store-shadow-","top-store-shadow-hover-"],"_links":{"self":[{"href":"https:\/\/server.idssoft.net\/idsdemo\/wp-json\/wp\/v2\/product\/15394","targetHints":{"allow":["GET"]}}],"collection":[{"href":"https:\/\/server.idssoft.net\/idsdemo\/wp-json\/wp\/v2\/product"}],"about":[{"href":"https:\/\/server.idssoft.net\/idsdemo\/wp-json\/wp\/v2\/types\/product"}],"replies":[{"embeddable":true,"href":"https:\/\/server.idssoft.net\/idsdemo\/wp-json\/wp\/v2\/comments?post=15394"}],"wp:featuredmedia":[{"embeddable":true,"href":"https:\/\/server.idssoft.net\/idsdemo\/wp-json\/wp\/v2\/media\/15392"}],"wp:attachment":[{"href":"https:\/\/server.idssoft.net\/idsdemo\/wp-json\/wp\/v2\/media?parent=15394"}],"wp:term":[{"taxonomy":"product_cat","embeddable":true,"href":"https:\/\/server.idssoft.net\/idsdemo\/wp-json\/wp\/v2\/product_cat?post=15394"},{"taxonomy":"product_tag","embeddable":true,"href":"https:\/\/server.idssoft.net\/idsdemo\/wp-json\/wp\/v2\/product_tag?post=15394"}],"curies":[{"name":"wp","href":"https:\/\/api.w.org\/{rel}","templated":true}]}}