{"id":15406,"date":"2021-06-23T15:37:50","date_gmt":"2021-06-23T15:37:50","guid":{"rendered":"https:\/\/server.idssoft.net\/idsdemo\/producto\/tostadora-750w-high-lift-con-tapa-jata\/"},"modified":"2021-06-23T15:37:50","modified_gmt":"2021-06-23T15:37:50","slug":"tostadora-750w-high-lift-con-tapa-jata","status":"publish","type":"product","link":"https:\/\/server.idssoft.net\/idsdemo\/producto\/tostadora-750w-high-lift-con-tapa-jata\/","title":{"rendered":"TOSTADORA 750W HIGH LIFT CON TAPA JATA"},"content":{"rendered":"<p>El tostador TT331 cuenta con un sistema de extracci\u00f3n de tostadas peque\u00f1as y centrador de pan.<br \/>&#8211; Cuerpo toque fr\u00edo.<br \/>&#8211; Sistema &#034;high lift&#034; altura especial para la extracci\u00f3n de tostadas peque\u00f1as.<br \/>&#8211; Dos ranuras extra anchas.<\/p>\n","protected":false},"excerpt":{"rendered":"<p>El tostador TT331 cuenta con un sistema de extracci\u00f3n de tostadas peque\u00f1as y centrador de pan.&#8211; Cuerpo toque fr\u00edo.&#8211; Sistema &#034;high lift&#034; altura especial para la extracci\u00f3n de tostadas peque\u00f1as.&#8211; Dos ranuras extra anchas.<\/p>\n","protected":false},"featured_media":15404,"comment_status":"open","ping_status":"closed","template":"","meta":[],"product_cat":[647],"product_tag":[],"class_list":["post-15406","product","type-product","status-publish","has-post-thumbnail","hentry","product_cat-tostadoras","thunk-woo-product-list","opn-qv-enable","top-store-woo-hover-","top-store-single-product-tab-horizontal","top-store-shadow-","top-store-shadow-hover-"],"_links":{"self":[{"href":"https:\/\/server.idssoft.net\/idsdemo\/wp-json\/wp\/v2\/product\/15406","targetHints":{"allow":["GET"]}}],"collection":[{"href":"https:\/\/server.idssoft.net\/idsdemo\/wp-json\/wp\/v2\/product"}],"about":[{"href":"https:\/\/server.idssoft.net\/idsdemo\/wp-json\/wp\/v2\/types\/product"}],"replies":[{"embeddable":true,"href":"https:\/\/server.idssoft.net\/idsdemo\/wp-json\/wp\/v2\/comments?post=15406"}],"wp:featuredmedia":[{"embeddable":true,"href":"https:\/\/server.idssoft.net\/idsdemo\/wp-json\/wp\/v2\/media\/15404"}],"wp:attachment":[{"href":"https:\/\/server.idssoft.net\/idsdemo\/wp-json\/wp\/v2\/media?parent=15406"}],"wp:term":[{"taxonomy":"product_cat","embeddable":true,"href":"https:\/\/server.idssoft.net\/idsdemo\/wp-json\/wp\/v2\/product_cat?post=15406"},{"taxonomy":"product_tag","embeddable":true,"href":"https:\/\/server.idssoft.net\/idsdemo\/wp-json\/wp\/v2\/product_tag?post=15406"}],"curies":[{"name":"wp","href":"https:\/\/api.w.org\/{rel}","templated":true}]}}