{"id":15412,"date":"2021-06-23T15:38:01","date_gmt":"2021-06-23T15:38:01","guid":{"rendered":"https:\/\/server.idssoft.net\/idsdemo\/producto\/cafetera-de-goteo-8-tazas-550w-jata\/"},"modified":"2021-06-23T15:38:01","modified_gmt":"2021-06-23T15:38:01","slug":"cafetera-de-goteo-8-tazas-550w-jata","status":"publish","type":"product","link":"https:\/\/server.idssoft.net\/idsdemo\/producto\/cafetera-de-goteo-8-tazas-550w-jata\/","title":{"rendered":"CAFETERA DE GOTEO 8 TAZAS 550W JATA"},"content":{"rendered":"<p>Cafetera de goteo de 2 a 8 tazas y de eficiencia energ\u00e9tica, seg\u00fan normativa ERP<\/p>\n<p>&#8211; Cafetera de goteo de 2 a 8 tazas.<br \/>&#8211; Cumple normativa de ahorro energ\u00e9tico ERP.<br \/>&#8211; Desconexi\u00f3n autom\u00e1tica.<br \/>&#8211; Soporte de filtro suspendido.&lt;br \/<\/p>\n","protected":false},"excerpt":{"rendered":"<p>Cafetera de goteo de 2 a 8 tazas y de eficiencia energ\u00e9tica, seg\u00fan normativa ERP &#8211; Cafetera de goteo de 2 a 8 tazas.&#8211; Cumple normativa de ahorro energ\u00e9tico ERP.&#8211; Desconexi\u00f3n autom\u00e1tica.&#8211; Soporte de filtro suspendido.&lt;br \/<\/p>\n","protected":false},"featured_media":15410,"comment_status":"open","ping_status":"closed","template":"","meta":[],"product_cat":[502],"product_tag":[],"class_list":["post-15412","product","type-product","status-publish","has-post-thumbnail","hentry","product_cat-cafeteras-electricas","thunk-woo-product-list","opn-qv-enable","top-store-woo-hover-","top-store-single-product-tab-horizontal","top-store-shadow-","top-store-shadow-hover-"],"_links":{"self":[{"href":"https:\/\/server.idssoft.net\/idsdemo\/wp-json\/wp\/v2\/product\/15412","targetHints":{"allow":["GET"]}}],"collection":[{"href":"https:\/\/server.idssoft.net\/idsdemo\/wp-json\/wp\/v2\/product"}],"about":[{"href":"https:\/\/server.idssoft.net\/idsdemo\/wp-json\/wp\/v2\/types\/product"}],"replies":[{"embeddable":true,"href":"https:\/\/server.idssoft.net\/idsdemo\/wp-json\/wp\/v2\/comments?post=15412"}],"wp:featuredmedia":[{"embeddable":true,"href":"https:\/\/server.idssoft.net\/idsdemo\/wp-json\/wp\/v2\/media\/15410"}],"wp:attachment":[{"href":"https:\/\/server.idssoft.net\/idsdemo\/wp-json\/wp\/v2\/media?parent=15412"}],"wp:term":[{"taxonomy":"product_cat","embeddable":true,"href":"https:\/\/server.idssoft.net\/idsdemo\/wp-json\/wp\/v2\/product_cat?post=15412"},{"taxonomy":"product_tag","embeddable":true,"href":"https:\/\/server.idssoft.net\/idsdemo\/wp-json\/wp\/v2\/product_tag?post=15412"}],"curies":[{"name":"wp","href":"https:\/\/api.w.org\/{rel}","templated":true}]}}