{"id":15415,"date":"2021-06-23T15:38:06","date_gmt":"2021-06-23T15:38:06","guid":{"rendered":"https:\/\/server.idssoft.net\/idsdemo\/producto\/cafetera-monodosis-1200w-termoblock-jata\/"},"modified":"2021-06-23T15:38:06","modified_gmt":"2021-06-23T15:38:06","slug":"cafetera-monodosis-1200w-termoblock-jata","status":"publish","type":"product","link":"https:\/\/server.idssoft.net\/idsdemo\/producto\/cafetera-monodosis-1200w-termoblock-jata\/","title":{"rendered":"CAFETERA MONODOSIS 1200W TERMOBLOCK JATA"},"content":{"rendered":"<p>La cafetera monodosis CA569 permite preparar los mejores caf\u00e9s e infusiones, es de f\u00e1cil utilizaci\u00f3n y limpieza<\/p>\n<p>&#8211; Sistema termoblock, 2 bar.<br \/>&#8211; Sistema filtro f\u00e1cil.<br \/>&#8211; Filtro para monodosis de 60 mm. Apto para todas las marcas del<\/p>\n","protected":false},"excerpt":{"rendered":"<p>La cafetera monodosis CA569 permite preparar los mejores caf\u00e9s e infusiones, es de f\u00e1cil utilizaci\u00f3n y limpieza &#8211; Sistema termoblock, 2 bar.&#8211; Sistema filtro f\u00e1cil.&#8211; Filtro para monodosis de 60 mm. Apto para todas las marcas del<\/p>\n","protected":false},"featured_media":15413,"comment_status":"open","ping_status":"closed","template":"","meta":[],"product_cat":[502],"product_tag":[],"class_list":["post-15415","product","type-product","status-publish","has-post-thumbnail","hentry","product_cat-cafeteras-electricas","thunk-woo-product-list","opn-qv-enable","top-store-woo-hover-","top-store-single-product-tab-horizontal","top-store-shadow-","top-store-shadow-hover-"],"_links":{"self":[{"href":"https:\/\/server.idssoft.net\/idsdemo\/wp-json\/wp\/v2\/product\/15415","targetHints":{"allow":["GET"]}}],"collection":[{"href":"https:\/\/server.idssoft.net\/idsdemo\/wp-json\/wp\/v2\/product"}],"about":[{"href":"https:\/\/server.idssoft.net\/idsdemo\/wp-json\/wp\/v2\/types\/product"}],"replies":[{"embeddable":true,"href":"https:\/\/server.idssoft.net\/idsdemo\/wp-json\/wp\/v2\/comments?post=15415"}],"wp:featuredmedia":[{"embeddable":true,"href":"https:\/\/server.idssoft.net\/idsdemo\/wp-json\/wp\/v2\/media\/15413"}],"wp:attachment":[{"href":"https:\/\/server.idssoft.net\/idsdemo\/wp-json\/wp\/v2\/media?parent=15415"}],"wp:term":[{"taxonomy":"product_cat","embeddable":true,"href":"https:\/\/server.idssoft.net\/idsdemo\/wp-json\/wp\/v2\/product_cat?post=15415"},{"taxonomy":"product_tag","embeddable":true,"href":"https:\/\/server.idssoft.net\/idsdemo\/wp-json\/wp\/v2\/product_tag?post=15415"}],"curies":[{"name":"wp","href":"https:\/\/api.w.org\/{rel}","templated":true}]}}