{"id":15424,"date":"2021-06-23T15:38:22","date_gmt":"2021-06-23T15:38:22","guid":{"rendered":"https:\/\/server.idssoft.net\/idsdemo\/producto\/cortafiambres-metalico-200w-1-22mm-disco-220mm-jata\/"},"modified":"2021-06-23T15:38:22","modified_gmt":"2021-06-23T15:38:22","slug":"cortafiambres-metalico-200w-1-22mm-disco-220mm-jata","status":"publish","type":"product","link":"https:\/\/server.idssoft.net\/idsdemo\/producto\/cortafiambres-metalico-200w-1-22mm-disco-220mm-jata\/","title":{"rendered":"CORTAFIAMBRES MET\u00c1LICO 200W 1-22MM DISCO 220MM JATA"},"content":{"rendered":"<p>Cortafiambres met\u00e1lico de gran potencia y precisi\u00f3n. Es desmontable para una f\u00e1cil limpieza<\/p>\n<p>&#8211; Mueble met\u00e1lico.<br \/>&#8211; Disco con recubrimiento \u201cStonite\u201d de 220 mm, desmontable.<br \/>&#8211; Recubrimiento \u201cStonite\u201d, libre de PFOA.<br \/>&#8211; In<\/p>\n","protected":false},"excerpt":{"rendered":"<p>Cortafiambres met\u00e1lico de gran potencia y precisi\u00f3n. Es desmontable para una f\u00e1cil limpieza &#8211; Mueble met\u00e1lico.&#8211; Disco con recubrimiento \u201cStonite\u201d de 220 mm, desmontable.&#8211; Recubrimiento \u201cStonite\u201d, libre de PFOA.&#8211; In<\/p>\n","protected":false},"featured_media":15422,"comment_status":"open","ping_status":"closed","template":"","meta":[],"product_cat":[514],"product_tag":[],"class_list":["post-15424","product","type-product","status-publish","has-post-thumbnail","hentry","product_cat-cortadoras-molinillos","thunk-woo-product-list","opn-qv-enable","top-store-woo-hover-","top-store-single-product-tab-horizontal","top-store-shadow-","top-store-shadow-hover-"],"_links":{"self":[{"href":"https:\/\/server.idssoft.net\/idsdemo\/wp-json\/wp\/v2\/product\/15424","targetHints":{"allow":["GET"]}}],"collection":[{"href":"https:\/\/server.idssoft.net\/idsdemo\/wp-json\/wp\/v2\/product"}],"about":[{"href":"https:\/\/server.idssoft.net\/idsdemo\/wp-json\/wp\/v2\/types\/product"}],"replies":[{"embeddable":true,"href":"https:\/\/server.idssoft.net\/idsdemo\/wp-json\/wp\/v2\/comments?post=15424"}],"wp:featuredmedia":[{"embeddable":true,"href":"https:\/\/server.idssoft.net\/idsdemo\/wp-json\/wp\/v2\/media\/15422"}],"wp:attachment":[{"href":"https:\/\/server.idssoft.net\/idsdemo\/wp-json\/wp\/v2\/media?parent=15424"}],"wp:term":[{"taxonomy":"product_cat","embeddable":true,"href":"https:\/\/server.idssoft.net\/idsdemo\/wp-json\/wp\/v2\/product_cat?post=15424"},{"taxonomy":"product_tag","embeddable":true,"href":"https:\/\/server.idssoft.net\/idsdemo\/wp-json\/wp\/v2\/product_tag?post=15424"}],"curies":[{"name":"wp","href":"https:\/\/api.w.org\/{rel}","templated":true}]}}