{"id":15433,"date":"2021-06-23T15:38:37","date_gmt":"2021-06-23T15:38:37","guid":{"rendered":"https:\/\/server.idssoft.net\/idsdemo\/producto\/plancha-de-asar-1600w-terracota-dureza-extrema-jata\/"},"modified":"2021-06-23T15:38:37","modified_gmt":"2021-06-23T15:38:37","slug":"plancha-de-asar-1600w-terracota-dureza-extrema-jata","status":"publish","type":"product","link":"https:\/\/server.idssoft.net\/idsdemo\/producto\/plancha-de-asar-1600w-terracota-dureza-extrema-jata\/","title":{"rendered":"PLANCHA DE ASAR 1600W TERRACOTA DUREZA EXTREMA JATA"},"content":{"rendered":"<p>Plancha de asar de terracota de dureza extrema<\/p>\n<p>&#8211; Terracota cocci\u00f3n alta temperatura. Dureza extrema.<br \/>&#8211; Fabricaci\u00f3n artesanal.<br \/>&#8211; Inalterable en el uso y en el tiempo.<br \/>&#8211; Cocina todo tipo de carnes y pescados.<br \/>&#8211; Sabor \u00fanico<\/p>\n","protected":false},"excerpt":{"rendered":"<p>Plancha de asar de terracota de dureza extrema &#8211; Terracota cocci\u00f3n alta temperatura. Dureza extrema.&#8211; Fabricaci\u00f3n artesanal.&#8211; Inalterable en el uso y en el tiempo.&#8211; Cocina todo tipo de carnes y pescados.&#8211; Sabor \u00fanico<\/p>\n","protected":false},"featured_media":15431,"comment_status":"open","ping_status":"closed","template":"","meta":[],"product_cat":[504],"product_tag":[],"class_list":["post-15433","product","type-product","status-publish","has-post-thumbnail","hentry","product_cat-planchas-de-asar-pizza-pan","thunk-woo-product-list","opn-qv-enable","top-store-woo-hover-","top-store-single-product-tab-horizontal","top-store-shadow-","top-store-shadow-hover-"],"_links":{"self":[{"href":"https:\/\/server.idssoft.net\/idsdemo\/wp-json\/wp\/v2\/product\/15433","targetHints":{"allow":["GET"]}}],"collection":[{"href":"https:\/\/server.idssoft.net\/idsdemo\/wp-json\/wp\/v2\/product"}],"about":[{"href":"https:\/\/server.idssoft.net\/idsdemo\/wp-json\/wp\/v2\/types\/product"}],"replies":[{"embeddable":true,"href":"https:\/\/server.idssoft.net\/idsdemo\/wp-json\/wp\/v2\/comments?post=15433"}],"wp:featuredmedia":[{"embeddable":true,"href":"https:\/\/server.idssoft.net\/idsdemo\/wp-json\/wp\/v2\/media\/15431"}],"wp:attachment":[{"href":"https:\/\/server.idssoft.net\/idsdemo\/wp-json\/wp\/v2\/media?parent=15433"}],"wp:term":[{"taxonomy":"product_cat","embeddable":true,"href":"https:\/\/server.idssoft.net\/idsdemo\/wp-json\/wp\/v2\/product_cat?post=15433"},{"taxonomy":"product_tag","embeddable":true,"href":"https:\/\/server.idssoft.net\/idsdemo\/wp-json\/wp\/v2\/product_tag?post=15433"}],"curies":[{"name":"wp","href":"https:\/\/api.w.org\/{rel}","templated":true}]}}