{"id":15442,"date":"2021-06-23T15:38:52","date_gmt":"2021-06-23T15:38:52","guid":{"rendered":"https:\/\/server.idssoft.net\/idsdemo\/producto\/sarten-paellera-electrica-38cm-2000w-jata\/"},"modified":"2021-06-23T15:38:52","modified_gmt":"2021-06-23T15:38:52","slug":"sarten-paellera-electrica-38cm-2000w-jata","status":"publish","type":"product","link":"https:\/\/server.idssoft.net\/idsdemo\/producto\/sarten-paellera-electrica-38cm-2000w-jata\/","title":{"rendered":"SARTEN PAELLERA ELECTRICA 38CM 2000W JATA"},"content":{"rendered":"<p>Sart\u00e9n paellera el\u00e9ctrica de 2.000 W de potencia y 38 cm de di\u00e1metro. Con superficie panel de abeja que mejora la antiadherencia y transmite el calor de forma uniforme<\/p>\n<p>&#8211; Recubrimiento antiadherente libre de PFOA.<br \/>&#8211; Superficie panel de a<\/p>\n","protected":false},"excerpt":{"rendered":"<p>Sart\u00e9n paellera el\u00e9ctrica de 2.000 W de potencia y 38 cm de di\u00e1metro. Con superficie panel de abeja que mejora la antiadherencia y transmite el calor de forma uniforme &#8211; Recubrimiento antiadherente libre de PFOA.&#8211; Superficie panel de a<\/p>\n","protected":false},"featured_media":15440,"comment_status":"open","ping_status":"closed","template":"","meta":[],"product_cat":[504],"product_tag":[],"class_list":["post-15442","product","type-product","status-publish","has-post-thumbnail","hentry","product_cat-planchas-de-asar-pizza-pan","thunk-woo-product-list","opn-qv-enable","top-store-woo-hover-","top-store-single-product-tab-horizontal","top-store-shadow-","top-store-shadow-hover-"],"_links":{"self":[{"href":"https:\/\/server.idssoft.net\/idsdemo\/wp-json\/wp\/v2\/product\/15442","targetHints":{"allow":["GET"]}}],"collection":[{"href":"https:\/\/server.idssoft.net\/idsdemo\/wp-json\/wp\/v2\/product"}],"about":[{"href":"https:\/\/server.idssoft.net\/idsdemo\/wp-json\/wp\/v2\/types\/product"}],"replies":[{"embeddable":true,"href":"https:\/\/server.idssoft.net\/idsdemo\/wp-json\/wp\/v2\/comments?post=15442"}],"wp:featuredmedia":[{"embeddable":true,"href":"https:\/\/server.idssoft.net\/idsdemo\/wp-json\/wp\/v2\/media\/15440"}],"wp:attachment":[{"href":"https:\/\/server.idssoft.net\/idsdemo\/wp-json\/wp\/v2\/media?parent=15442"}],"wp:term":[{"taxonomy":"product_cat","embeddable":true,"href":"https:\/\/server.idssoft.net\/idsdemo\/wp-json\/wp\/v2\/product_cat?post=15442"},{"taxonomy":"product_tag","embeddable":true,"href":"https:\/\/server.idssoft.net\/idsdemo\/wp-json\/wp\/v2\/product_tag?post=15442"}],"curies":[{"name":"wp","href":"https:\/\/api.w.org\/{rel}","templated":true}]}}