{"id":15445,"date":"2021-06-23T15:38:57","date_gmt":"2021-06-23T15:38:57","guid":{"rendered":"https:\/\/server.idssoft.net\/idsdemo\/producto\/batidora-1600w-jarra-tritan-1-8l-maxima-resitencia-inox-jata\/"},"modified":"2021-06-23T15:38:57","modified_gmt":"2021-06-23T15:38:57","slug":"batidora-1600w-jarra-tritan-1-8l-maxima-resitencia-inox-jata","status":"publish","type":"product","link":"https:\/\/server.idssoft.net\/idsdemo\/producto\/batidora-1600w-jarra-tritan-1-8l-maxima-resitencia-inox-jata\/","title":{"rendered":"BATIDORA 1600W JARRA TRITAN 1.8L MAXIMA RESITENCIA INOX JATA"},"content":{"rendered":"<p>Batidora electr\u00f3nica Tritan de 1.600 W con 6 cuchillas de acero inoxidable, dentadas y extralargas. Mandos t\u00e1ctiles y cuerpo de acero inoxidable<br \/>&#8211; Gran potencia 1.600 W. (33.000 rpm)<br \/>&#8211; Motor AC.<br \/>&#8211; Gesti\u00f3n electr\u00f3nica integral.<\/p>\n","protected":false},"excerpt":{"rendered":"<p>Batidora electr\u00f3nica Tritan de 1.600 W con 6 cuchillas de acero inoxidable, dentadas y extralargas. Mandos t\u00e1ctiles y cuerpo de acero inoxidable&#8211; Gran potencia 1.600 W. (33.000 rpm)&#8211; Motor AC.&#8211; Gesti\u00f3n electr\u00f3nica integral.<\/p>\n","protected":false},"featured_media":15443,"comment_status":"open","ping_status":"closed","template":"","meta":[],"product_cat":[499],"product_tag":[],"class_list":["post-15445","product","type-product","status-publish","has-post-thumbnail","hentry","product_cat-batidoras-brazo","thunk-woo-product-list","opn-qv-enable","top-store-woo-hover-","top-store-single-product-tab-horizontal","top-store-shadow-","top-store-shadow-hover-"],"_links":{"self":[{"href":"https:\/\/server.idssoft.net\/idsdemo\/wp-json\/wp\/v2\/product\/15445","targetHints":{"allow":["GET"]}}],"collection":[{"href":"https:\/\/server.idssoft.net\/idsdemo\/wp-json\/wp\/v2\/product"}],"about":[{"href":"https:\/\/server.idssoft.net\/idsdemo\/wp-json\/wp\/v2\/types\/product"}],"replies":[{"embeddable":true,"href":"https:\/\/server.idssoft.net\/idsdemo\/wp-json\/wp\/v2\/comments?post=15445"}],"wp:featuredmedia":[{"embeddable":true,"href":"https:\/\/server.idssoft.net\/idsdemo\/wp-json\/wp\/v2\/media\/15443"}],"wp:attachment":[{"href":"https:\/\/server.idssoft.net\/idsdemo\/wp-json\/wp\/v2\/media?parent=15445"}],"wp:term":[{"taxonomy":"product_cat","embeddable":true,"href":"https:\/\/server.idssoft.net\/idsdemo\/wp-json\/wp\/v2\/product_cat?post=15445"},{"taxonomy":"product_tag","embeddable":true,"href":"https:\/\/server.idssoft.net\/idsdemo\/wp-json\/wp\/v2\/product_tag?post=15445"}],"curies":[{"name":"wp","href":"https:\/\/api.w.org\/{rel}","templated":true}]}}