{"id":15454,"date":"2021-06-23T15:39:13","date_gmt":"2021-06-23T15:39:13","guid":{"rendered":"https:\/\/server.idssoft.net\/idsdemo\/producto\/batidora-de-varilla-1000w-doble-cuchilla-inox-jata\/"},"modified":"2021-06-23T15:39:13","modified_gmt":"2021-06-23T15:39:13","slug":"batidora-de-varilla-1000w-doble-cuchilla-inox-jata","status":"publish","type":"product","link":"https:\/\/server.idssoft.net\/idsdemo\/producto\/batidora-de-varilla-1000w-doble-cuchilla-inox-jata\/","title":{"rendered":"BATIDORA DE VARILLA 1000W DOBLE CUCHILLA INOX JATA"},"content":{"rendered":"<p>Batidora de varilla inox electr\u00f3nica de 1.000 W con regulador electr\u00f3nico de velocidad y doble cuchilla de acero inoxidable<\/p>\n<p>&#8211; Gran potencia 1.000 W.<br \/>&#8211; Regulador electr\u00f3nico de velocidad.<br \/>&#8211; Pie de acero inoxidable desmontable.<\/p>\n","protected":false},"excerpt":{"rendered":"<p>Batidora de varilla inox electr\u00f3nica de 1.000 W con regulador electr\u00f3nico de velocidad y doble cuchilla de acero inoxidable &#8211; Gran potencia 1.000 W.&#8211; Regulador electr\u00f3nico de velocidad.&#8211; Pie de acero inoxidable desmontable.<\/p>\n","protected":false},"featured_media":15452,"comment_status":"open","ping_status":"closed","template":"","meta":[],"product_cat":[499],"product_tag":[],"class_list":["post-15454","product","type-product","status-publish","has-post-thumbnail","hentry","product_cat-batidoras-brazo","thunk-woo-product-list","opn-qv-enable","top-store-woo-hover-","top-store-single-product-tab-horizontal","top-store-shadow-","top-store-shadow-hover-"],"_links":{"self":[{"href":"https:\/\/server.idssoft.net\/idsdemo\/wp-json\/wp\/v2\/product\/15454","targetHints":{"allow":["GET"]}}],"collection":[{"href":"https:\/\/server.idssoft.net\/idsdemo\/wp-json\/wp\/v2\/product"}],"about":[{"href":"https:\/\/server.idssoft.net\/idsdemo\/wp-json\/wp\/v2\/types\/product"}],"replies":[{"embeddable":true,"href":"https:\/\/server.idssoft.net\/idsdemo\/wp-json\/wp\/v2\/comments?post=15454"}],"wp:featuredmedia":[{"embeddable":true,"href":"https:\/\/server.idssoft.net\/idsdemo\/wp-json\/wp\/v2\/media\/15452"}],"wp:attachment":[{"href":"https:\/\/server.idssoft.net\/idsdemo\/wp-json\/wp\/v2\/media?parent=15454"}],"wp:term":[{"taxonomy":"product_cat","embeddable":true,"href":"https:\/\/server.idssoft.net\/idsdemo\/wp-json\/wp\/v2\/product_cat?post=15454"},{"taxonomy":"product_tag","embeddable":true,"href":"https:\/\/server.idssoft.net\/idsdemo\/wp-json\/wp\/v2\/product_tag?post=15454"}],"curies":[{"name":"wp","href":"https:\/\/api.w.org\/{rel}","templated":true}]}}