{"id":15484,"date":"2021-06-23T15:40:11","date_gmt":"2021-06-23T15:40:11","guid":{"rendered":"https:\/\/server.idssoft.net\/idsdemo\/producto\/arrocera-electrica-1-litro-400w-jata-2\/"},"modified":"2021-06-23T15:40:11","modified_gmt":"2021-06-23T15:40:11","slug":"arrocera-electrica-1-litro-400w-jata-2","status":"publish","type":"product","link":"https:\/\/server.idssoft.net\/idsdemo\/producto\/arrocera-electrica-1-litro-400w-jata-2\/","title":{"rendered":"ARROCERA ELECTRICA 1 LITRO 400W JATA"},"content":{"rendered":"<p>Arrocera el\u00e9ctrica programable con jarra medidora y esp\u00e1tula inclu\u00eddas. Cocina arroces especiales y deliciosos con Jata<\/p>\n<p>&#8211; Capacidad 1 L.<br \/>&#8211; Tapa de cristal de seguridad \u201ctemperit\u201d.<br \/>&#8211; Selector de programas: cocci\u00f3n \/ mantenimien<\/p>\n","protected":false},"excerpt":{"rendered":"<p>Arrocera el\u00e9ctrica programable con jarra medidora y esp\u00e1tula inclu\u00eddas. Cocina arroces especiales y deliciosos con Jata &#8211; Capacidad 1 L.&#8211; Tapa de cristal de seguridad \u201ctemperit\u201d.&#8211; Selector de programas: cocci\u00f3n \/ mantenimien<\/p>\n","protected":false},"featured_media":15482,"comment_status":"open","ping_status":"closed","template":"","meta":[],"product_cat":[572],"product_tag":[],"class_list":["post-15484","product","type-product","status-publish","has-post-thumbnail","hentry","product_cat-arroceras-robots","thunk-woo-product-list","opn-qv-enable","top-store-woo-hover-","top-store-single-product-tab-horizontal","top-store-shadow-","top-store-shadow-hover-"],"_links":{"self":[{"href":"https:\/\/server.idssoft.net\/idsdemo\/wp-json\/wp\/v2\/product\/15484","targetHints":{"allow":["GET"]}}],"collection":[{"href":"https:\/\/server.idssoft.net\/idsdemo\/wp-json\/wp\/v2\/product"}],"about":[{"href":"https:\/\/server.idssoft.net\/idsdemo\/wp-json\/wp\/v2\/types\/product"}],"replies":[{"embeddable":true,"href":"https:\/\/server.idssoft.net\/idsdemo\/wp-json\/wp\/v2\/comments?post=15484"}],"wp:featuredmedia":[{"embeddable":true,"href":"https:\/\/server.idssoft.net\/idsdemo\/wp-json\/wp\/v2\/media\/15482"}],"wp:attachment":[{"href":"https:\/\/server.idssoft.net\/idsdemo\/wp-json\/wp\/v2\/media?parent=15484"}],"wp:term":[{"taxonomy":"product_cat","embeddable":true,"href":"https:\/\/server.idssoft.net\/idsdemo\/wp-json\/wp\/v2\/product_cat?post=15484"},{"taxonomy":"product_tag","embeddable":true,"href":"https:\/\/server.idssoft.net\/idsdemo\/wp-json\/wp\/v2\/product_tag?post=15484"}],"curies":[{"name":"wp","href":"https:\/\/api.w.org\/{rel}","templated":true}]}}