{"id":15503,"date":"2021-06-23T15:40:47","date_gmt":"2021-06-23T15:40:47","guid":{"rendered":"https:\/\/server.idssoft.net\/idsdemo\/producto\/cocina-electrica-1-fuego-1500w-negra-jata\/"},"modified":"2021-06-23T15:40:47","modified_gmt":"2021-06-23T15:40:47","slug":"cocina-electrica-1-fuego-1500w-negra-jata","status":"publish","type":"product","link":"https:\/\/server.idssoft.net\/idsdemo\/producto\/cocina-electrica-1-fuego-1500w-negra-jata\/","title":{"rendered":"COCINA ELECTRICA 1 FUEGO 1500W NEGRA JATA"},"content":{"rendered":"<p>La cocina el\u00e9ctrica de Jata cuenta con una placa calor\u00edfica de 187 mm y una potencia de 1500 W. Calienta de forma r\u00e1pida gracias a su termostato regulable de temperatura<\/p>\n<p>&#8211; Cuerpo pintura epoxi gran resistencia.<br \/>&#8211; 1 placa calor\u00edfica: 1.<\/p>\n","protected":false},"excerpt":{"rendered":"<p>La cocina el\u00e9ctrica de Jata cuenta con una placa calor\u00edfica de 187 mm y una potencia de 1500 W. Calienta de forma r\u00e1pida gracias a su termostato regulable de temperatura &#8211; Cuerpo pintura epoxi gran resistencia.&#8211; 1 placa calor\u00edfica: 1.<\/p>\n","protected":false},"featured_media":15501,"comment_status":"open","ping_status":"closed","template":"","meta":[],"product_cat":[506],"product_tag":[],"class_list":["post-15503","product","type-product","status-publish","has-post-thumbnail","hentry","product_cat-cocinas-electricas","thunk-woo-product-list","opn-qv-enable","top-store-woo-hover-","top-store-single-product-tab-horizontal","top-store-shadow-","top-store-shadow-hover-"],"_links":{"self":[{"href":"https:\/\/server.idssoft.net\/idsdemo\/wp-json\/wp\/v2\/product\/15503","targetHints":{"allow":["GET"]}}],"collection":[{"href":"https:\/\/server.idssoft.net\/idsdemo\/wp-json\/wp\/v2\/product"}],"about":[{"href":"https:\/\/server.idssoft.net\/idsdemo\/wp-json\/wp\/v2\/types\/product"}],"replies":[{"embeddable":true,"href":"https:\/\/server.idssoft.net\/idsdemo\/wp-json\/wp\/v2\/comments?post=15503"}],"wp:featuredmedia":[{"embeddable":true,"href":"https:\/\/server.idssoft.net\/idsdemo\/wp-json\/wp\/v2\/media\/15501"}],"wp:attachment":[{"href":"https:\/\/server.idssoft.net\/idsdemo\/wp-json\/wp\/v2\/media?parent=15503"}],"wp:term":[{"taxonomy":"product_cat","embeddable":true,"href":"https:\/\/server.idssoft.net\/idsdemo\/wp-json\/wp\/v2\/product_cat?post=15503"},{"taxonomy":"product_tag","embeddable":true,"href":"https:\/\/server.idssoft.net\/idsdemo\/wp-json\/wp\/v2\/product_tag?post=15503"}],"curies":[{"name":"wp","href":"https:\/\/api.w.org\/{rel}","templated":true}]}}