{"id":15516,"date":"2021-06-23T15:41:11","date_gmt":"2021-06-23T15:41:11","guid":{"rendered":"https:\/\/server.idssoft.net\/idsdemo\/producto\/manta-electrica-100w-40x50-2-fundas-jata\/"},"modified":"2021-06-23T15:41:11","modified_gmt":"2021-06-23T15:41:11","slug":"manta-electrica-100w-40x50-2-fundas-jata","status":"publish","type":"product","link":"https:\/\/server.idssoft.net\/idsdemo\/producto\/manta-electrica-100w-40x50-2-fundas-jata\/","title":{"rendered":"MANTA ELECTRICA 100W 40X50 2 FUNDAS JATA"},"content":{"rendered":"<p>La almohadilla el\u00e9ctrica PH-20 de Jata es totalmente flexible, suave y transpirable. El calor terap\u00e9utico te ayudara a aliviar las dolencias musculares.<\/p>\n<p>&#8211; Calor terap\u00e9utico<br \/>&#8211; Mando regulador<br \/>&#8211; Indicador luminoso<br \/>&#8211; Funda extra?<\/p>\n","protected":false},"excerpt":{"rendered":"<p>La almohadilla el\u00e9ctrica PH-20 de Jata es totalmente flexible, suave y transpirable. El calor terap\u00e9utico te ayudara a aliviar las dolencias musculares. &#8211; Calor terap\u00e9utico&#8211; Mando regulador&#8211; Indicador luminoso&#8211; Funda extra?<\/p>\n","protected":false},"featured_media":15515,"comment_status":"open","ping_status":"closed","template":"","meta":[],"product_cat":[606],"product_tag":[],"class_list":["post-15516","product","type-product","status-publish","has-post-thumbnail","hentry","product_cat-mantas-electricas","thunk-woo-product-list","opn-qv-enable","top-store-woo-hover-","top-store-single-product-tab-horizontal","top-store-shadow-","top-store-shadow-hover-"],"_links":{"self":[{"href":"https:\/\/server.idssoft.net\/idsdemo\/wp-json\/wp\/v2\/product\/15516","targetHints":{"allow":["GET"]}}],"collection":[{"href":"https:\/\/server.idssoft.net\/idsdemo\/wp-json\/wp\/v2\/product"}],"about":[{"href":"https:\/\/server.idssoft.net\/idsdemo\/wp-json\/wp\/v2\/types\/product"}],"replies":[{"embeddable":true,"href":"https:\/\/server.idssoft.net\/idsdemo\/wp-json\/wp\/v2\/comments?post=15516"}],"wp:featuredmedia":[{"embeddable":true,"href":"https:\/\/server.idssoft.net\/idsdemo\/wp-json\/wp\/v2\/media\/15515"}],"wp:attachment":[{"href":"https:\/\/server.idssoft.net\/idsdemo\/wp-json\/wp\/v2\/media?parent=15516"}],"wp:term":[{"taxonomy":"product_cat","embeddable":true,"href":"https:\/\/server.idssoft.net\/idsdemo\/wp-json\/wp\/v2\/product_cat?post=15516"},{"taxonomy":"product_tag","embeddable":true,"href":"https:\/\/server.idssoft.net\/idsdemo\/wp-json\/wp\/v2\/product_tag?post=15516"}],"curies":[{"name":"wp","href":"https:\/\/api.w.org\/{rel}","templated":true}]}}