{"id":15521,"date":"2021-06-23T15:41:21","date_gmt":"2021-06-23T15:41:21","guid":{"rendered":"https:\/\/server.idssoft.net\/idsdemo\/producto\/manta-electrica-100w-50x40cm-jata\/"},"modified":"2021-06-23T15:41:21","modified_gmt":"2021-06-23T15:41:21","slug":"manta-electrica-100w-50x40cm-jata","status":"publish","type":"product","link":"https:\/\/server.idssoft.net\/idsdemo\/producto\/manta-electrica-100w-50x40cm-jata\/","title":{"rendered":"MANTA ELECTRICA 100W 50X40CM JATA"},"content":{"rendered":"<p>La almohadilla el\u00e9ctrica CT20 tiene un mando con regulador de seis niveles de calor, su funda es extra\u00edble y lavable.<\/p>\n<p>&#8211; Calor terap\u00e9utico: especialmente indicado para lesiones deportivas, dolores reum\u00e1ticos, menstruales, etc.<br \/>&#8211; Mando r<\/p>\n","protected":false},"excerpt":{"rendered":"<p>La almohadilla el\u00e9ctrica CT20 tiene un mando con regulador de seis niveles de calor, su funda es extra\u00edble y lavable. &#8211; Calor terap\u00e9utico: especialmente indicado para lesiones deportivas, dolores reum\u00e1ticos, menstruales, etc.&#8211; Mando r<\/p>\n","protected":false},"featured_media":15519,"comment_status":"open","ping_status":"closed","template":"","meta":[],"product_cat":[606],"product_tag":[],"class_list":["post-15521","product","type-product","status-publish","has-post-thumbnail","hentry","product_cat-mantas-electricas","thunk-woo-product-list","opn-qv-enable","top-store-woo-hover-","top-store-single-product-tab-horizontal","top-store-shadow-","top-store-shadow-hover-"],"_links":{"self":[{"href":"https:\/\/server.idssoft.net\/idsdemo\/wp-json\/wp\/v2\/product\/15521","targetHints":{"allow":["GET"]}}],"collection":[{"href":"https:\/\/server.idssoft.net\/idsdemo\/wp-json\/wp\/v2\/product"}],"about":[{"href":"https:\/\/server.idssoft.net\/idsdemo\/wp-json\/wp\/v2\/types\/product"}],"replies":[{"embeddable":true,"href":"https:\/\/server.idssoft.net\/idsdemo\/wp-json\/wp\/v2\/comments?post=15521"}],"wp:featuredmedia":[{"embeddable":true,"href":"https:\/\/server.idssoft.net\/idsdemo\/wp-json\/wp\/v2\/media\/15519"}],"wp:attachment":[{"href":"https:\/\/server.idssoft.net\/idsdemo\/wp-json\/wp\/v2\/media?parent=15521"}],"wp:term":[{"taxonomy":"product_cat","embeddable":true,"href":"https:\/\/server.idssoft.net\/idsdemo\/wp-json\/wp\/v2\/product_cat?post=15521"},{"taxonomy":"product_tag","embeddable":true,"href":"https:\/\/server.idssoft.net\/idsdemo\/wp-json\/wp\/v2\/product_tag?post=15521"}],"curies":[{"name":"wp","href":"https:\/\/api.w.org\/{rel}","templated":true}]}}