{"id":15527,"date":"2021-06-23T15:41:31","date_gmt":"2021-06-23T15:41:31","guid":{"rendered":"https:\/\/server.idssoft.net\/idsdemo\/producto\/bascula-de-bano-diseno-extraplano-180kg-jata\/"},"modified":"2021-06-23T15:41:31","modified_gmt":"2021-06-23T15:41:31","slug":"bascula-de-bano-diseno-extraplano-180kg-jata","status":"publish","type":"product","link":"https:\/\/server.idssoft.net\/idsdemo\/producto\/bascula-de-bano-diseno-extraplano-180kg-jata\/","title":{"rendered":"BASCULA DE BA\u00d1O DISE\u00d1O EXTRAPLANO 180KG JATA"},"content":{"rendered":"<p>B\u00e1scula de ba\u00f1o electr\u00f3nica de dise\u00f1o extraplano extra resistente: hasta 180 kg. de capacidad.<\/p>\n<p>&#8211; Capacidad 180 kg.<br \/>&#8211; Graduaci\u00f3n 100 g.<br \/>&#8211; Estructura extra resistente hasta 180 kg. de capacidad.<br \/>&#8211; Dise\u00f1o extraplano.<br \/>&#8211; Vi<\/p>\n","protected":false},"excerpt":{"rendered":"<p>B\u00e1scula de ba\u00f1o electr\u00f3nica de dise\u00f1o extraplano extra resistente: hasta 180 kg. de capacidad. &#8211; Capacidad 180 kg.&#8211; Graduaci\u00f3n 100 g.&#8211; Estructura extra resistente hasta 180 kg. de capacidad.&#8211; Dise\u00f1o extraplano.&#8211; Vi<\/p>\n","protected":false},"featured_media":15525,"comment_status":"open","ping_status":"closed","template":"","meta":[],"product_cat":[510],"product_tag":[],"class_list":["post-15527","product","type-product","status-publish","has-post-thumbnail","hentry","product_cat-basculas-bao","thunk-woo-product-list","opn-qv-enable","top-store-woo-hover-","top-store-single-product-tab-horizontal","top-store-shadow-","top-store-shadow-hover-"],"_links":{"self":[{"href":"https:\/\/server.idssoft.net\/idsdemo\/wp-json\/wp\/v2\/product\/15527","targetHints":{"allow":["GET"]}}],"collection":[{"href":"https:\/\/server.idssoft.net\/idsdemo\/wp-json\/wp\/v2\/product"}],"about":[{"href":"https:\/\/server.idssoft.net\/idsdemo\/wp-json\/wp\/v2\/types\/product"}],"replies":[{"embeddable":true,"href":"https:\/\/server.idssoft.net\/idsdemo\/wp-json\/wp\/v2\/comments?post=15527"}],"wp:featuredmedia":[{"embeddable":true,"href":"https:\/\/server.idssoft.net\/idsdemo\/wp-json\/wp\/v2\/media\/15525"}],"wp:attachment":[{"href":"https:\/\/server.idssoft.net\/idsdemo\/wp-json\/wp\/v2\/media?parent=15527"}],"wp:term":[{"taxonomy":"product_cat","embeddable":true,"href":"https:\/\/server.idssoft.net\/idsdemo\/wp-json\/wp\/v2\/product_cat?post=15527"},{"taxonomy":"product_tag","embeddable":true,"href":"https:\/\/server.idssoft.net\/idsdemo\/wp-json\/wp\/v2\/product_tag?post=15527"}],"curies":[{"name":"wp","href":"https:\/\/api.w.org\/{rel}","templated":true}]}}