{"id":15530,"date":"2021-06-23T15:41:38","date_gmt":"2021-06-23T15:41:38","guid":{"rendered":"https:\/\/server.idssoft.net\/idsdemo\/producto\/bascula-de-bano-gran-lcd-150kg-jata\/"},"modified":"2021-06-23T15:41:38","modified_gmt":"2021-06-23T15:41:38","slug":"bascula-de-bano-gran-lcd-150kg-jata","status":"publish","type":"product","link":"https:\/\/server.idssoft.net\/idsdemo\/producto\/bascula-de-bano-gran-lcd-150kg-jata\/","title":{"rendered":"BASCULA DE BA\u00d1O GRAN LCD 150KG JATA"},"content":{"rendered":"<p>La b\u00e1scula electr\u00f3nica de cristal modelo 294K calcula tu peso mediante cuatro sensores y lo visualizas en su pantalla LCD de gran tama\u00f1o<\/p>\n<p>&#8211; Capacidad 150 kg.<br \/>&#8211; Graduaci\u00f3n 100 g.<br \/>&#8211; Base de cristal de seguridad \u201ctemperit\u201d de 5 mm<\/p>\n","protected":false},"excerpt":{"rendered":"<p>La b\u00e1scula electr\u00f3nica de cristal modelo 294K calcula tu peso mediante cuatro sensores y lo visualizas en su pantalla LCD de gran tama\u00f1o &#8211; Capacidad 150 kg.&#8211; Graduaci\u00f3n 100 g.&#8211; Base de cristal de seguridad \u201ctemperit\u201d de 5 mm<\/p>\n","protected":false},"featured_media":15528,"comment_status":"open","ping_status":"closed","template":"","meta":[],"product_cat":[510],"product_tag":[],"class_list":["post-15530","product","type-product","status-publish","has-post-thumbnail","hentry","product_cat-basculas-bao","thunk-woo-product-list","opn-qv-enable","top-store-woo-hover-","top-store-single-product-tab-horizontal","top-store-shadow-","top-store-shadow-hover-"],"_links":{"self":[{"href":"https:\/\/server.idssoft.net\/idsdemo\/wp-json\/wp\/v2\/product\/15530","targetHints":{"allow":["GET"]}}],"collection":[{"href":"https:\/\/server.idssoft.net\/idsdemo\/wp-json\/wp\/v2\/product"}],"about":[{"href":"https:\/\/server.idssoft.net\/idsdemo\/wp-json\/wp\/v2\/types\/product"}],"replies":[{"embeddable":true,"href":"https:\/\/server.idssoft.net\/idsdemo\/wp-json\/wp\/v2\/comments?post=15530"}],"wp:featuredmedia":[{"embeddable":true,"href":"https:\/\/server.idssoft.net\/idsdemo\/wp-json\/wp\/v2\/media\/15528"}],"wp:attachment":[{"href":"https:\/\/server.idssoft.net\/idsdemo\/wp-json\/wp\/v2\/media?parent=15530"}],"wp:term":[{"taxonomy":"product_cat","embeddable":true,"href":"https:\/\/server.idssoft.net\/idsdemo\/wp-json\/wp\/v2\/product_cat?post=15530"},{"taxonomy":"product_tag","embeddable":true,"href":"https:\/\/server.idssoft.net\/idsdemo\/wp-json\/wp\/v2\/product_tag?post=15530"}],"curies":[{"name":"wp","href":"https:\/\/api.w.org\/{rel}","templated":true}]}}