{"id":15550,"date":"2021-06-23T15:42:12","date_gmt":"2021-06-23T15:42:12","guid":{"rendered":"https:\/\/server.idssoft.net\/idsdemo\/producto\/disco-duro-externo-toshiba-1tb-canvio-2-5-usb-3-0\/"},"modified":"2021-06-23T15:42:12","modified_gmt":"2021-06-23T15:42:12","slug":"disco-duro-externo-toshiba-1tb-canvio-2-5-usb-3-0","status":"publish","type":"product","link":"https:\/\/server.idssoft.net\/idsdemo\/producto\/disco-duro-externo-toshiba-1tb-canvio-2-5-usb-3-0\/","title":{"rendered":"DISCO DURO EXTERNO TOSHIBA 1TB CANVIO 2.5 USB 3.0"},"content":{"rendered":"<p>Transfiere con rapidez archivos mediante SuperSpeed USB 3.0 y almacena datos en los discos duros externos Canvio Basics. Estos dispositivos est\u00e1n listos para su uso con Microsoft Windows y no requieren ninguna instalaci\u00f3n de software, as\u00ed que empez<\/p>\n","protected":false},"excerpt":{"rendered":"<p>Transfiere con rapidez archivos mediante SuperSpeed USB 3.0 y almacena datos en los discos duros externos Canvio Basics. Estos dispositivos est\u00e1n listos para su uso con Microsoft Windows y no requieren ninguna instalaci\u00f3n de software, as\u00ed que empez<\/p>\n","protected":false},"featured_media":15549,"comment_status":"open","ping_status":"closed","template":"","meta":[],"product_cat":[570],"product_tag":[],"class_list":["post-15550","product","type-product","status-publish","has-post-thumbnail","hentry","product_cat-discos-duros","thunk-woo-product-list","opn-qv-enable","top-store-woo-hover-","top-store-single-product-tab-horizontal","top-store-shadow-","top-store-shadow-hover-"],"_links":{"self":[{"href":"https:\/\/server.idssoft.net\/idsdemo\/wp-json\/wp\/v2\/product\/15550","targetHints":{"allow":["GET"]}}],"collection":[{"href":"https:\/\/server.idssoft.net\/idsdemo\/wp-json\/wp\/v2\/product"}],"about":[{"href":"https:\/\/server.idssoft.net\/idsdemo\/wp-json\/wp\/v2\/types\/product"}],"replies":[{"embeddable":true,"href":"https:\/\/server.idssoft.net\/idsdemo\/wp-json\/wp\/v2\/comments?post=15550"}],"wp:featuredmedia":[{"embeddable":true,"href":"https:\/\/server.idssoft.net\/idsdemo\/wp-json\/wp\/v2\/media\/15549"}],"wp:attachment":[{"href":"https:\/\/server.idssoft.net\/idsdemo\/wp-json\/wp\/v2\/media?parent=15550"}],"wp:term":[{"taxonomy":"product_cat","embeddable":true,"href":"https:\/\/server.idssoft.net\/idsdemo\/wp-json\/wp\/v2\/product_cat?post=15550"},{"taxonomy":"product_tag","embeddable":true,"href":"https:\/\/server.idssoft.net\/idsdemo\/wp-json\/wp\/v2\/product_tag?post=15550"}],"curies":[{"name":"wp","href":"https:\/\/api.w.org\/{rel}","templated":true}]}}