{"id":15572,"date":"2021-06-23T15:43:01","date_gmt":"2021-06-23T15:43:01","guid":{"rendered":"https:\/\/server.idssoft.net\/idsdemo\/producto\/lector-dni-trust-usb-2-0-negro\/"},"modified":"2021-06-23T15:43:01","modified_gmt":"2021-06-23T15:43:01","slug":"lector-dni-trust-usb-2-0-negro","status":"publish","type":"product","link":"https:\/\/server.idssoft.net\/idsdemo\/producto\/lector-dni-trust-usb-2-0-negro\/","title":{"rendered":"LECTOR DNI TRUST USB 2.0 NEGRO"},"content":{"rendered":"<p>\u2022Pr\u00e1ctico para la identificaci\u00f3n personal en sitios web y administraciones p\u00fablicas<br \/>\u2022Compatible con todas las tarjetas DNICumple con FIPS 201, FIPS TAA e ISO 7816 Clase A, B, C, para iniciar sesi\u00f3n de manera segura en sitios web del gobie<\/p>\n","protected":false},"excerpt":{"rendered":"<p>\u2022Pr\u00e1ctico para la identificaci\u00f3n personal en sitios web y administraciones p\u00fablicas\u2022Compatible con todas las tarjetas DNICumple con FIPS 201, FIPS TAA e ISO 7816 Clase A, B, C, para iniciar sesi\u00f3n de manera segura en sitios web del gobie<\/p>\n","protected":false},"featured_media":15571,"comment_status":"open","ping_status":"closed","template":"","meta":[],"product_cat":[483],"product_tag":[],"class_list":["post-15572","product","type-product","status-publish","has-post-thumbnail","hentry","product_cat-lectores-tarjetas-hubs","thunk-woo-product-list","opn-qv-enable","top-store-woo-hover-","top-store-single-product-tab-horizontal","top-store-shadow-","top-store-shadow-hover-"],"_links":{"self":[{"href":"https:\/\/server.idssoft.net\/idsdemo\/wp-json\/wp\/v2\/product\/15572","targetHints":{"allow":["GET"]}}],"collection":[{"href":"https:\/\/server.idssoft.net\/idsdemo\/wp-json\/wp\/v2\/product"}],"about":[{"href":"https:\/\/server.idssoft.net\/idsdemo\/wp-json\/wp\/v2\/types\/product"}],"replies":[{"embeddable":true,"href":"https:\/\/server.idssoft.net\/idsdemo\/wp-json\/wp\/v2\/comments?post=15572"}],"wp:featuredmedia":[{"embeddable":true,"href":"https:\/\/server.idssoft.net\/idsdemo\/wp-json\/wp\/v2\/media\/15571"}],"wp:attachment":[{"href":"https:\/\/server.idssoft.net\/idsdemo\/wp-json\/wp\/v2\/media?parent=15572"}],"wp:term":[{"taxonomy":"product_cat","embeddable":true,"href":"https:\/\/server.idssoft.net\/idsdemo\/wp-json\/wp\/v2\/product_cat?post=15572"},{"taxonomy":"product_tag","embeddable":true,"href":"https:\/\/server.idssoft.net\/idsdemo\/wp-json\/wp\/v2\/product_tag?post=15572"}],"curies":[{"name":"wp","href":"https:\/\/api.w.org\/{rel}","templated":true}]}}