{"id":15574,"date":"2021-06-23T15:43:07","date_gmt":"2021-06-23T15:43:07","guid":{"rendered":"https:\/\/server.idssoft.net\/idsdemo\/producto\/maletin-trust-primo-para-portatiles-hasta-16-40-6cm\/"},"modified":"2021-06-23T15:43:07","modified_gmt":"2021-06-23T15:43:07","slug":"maletin-trust-primo-para-portatiles-hasta-16-40-6cm","status":"publish","type":"product","link":"https:\/\/server.idssoft.net\/idsdemo\/producto\/maletin-trust-primo-para-portatiles-hasta-16-40-6cm\/","title":{"rendered":"MALET\u00cdN TRUST PRIMO PARA PORT\u00c1TILES HASTA 16\/40.6CM"},"content":{"rendered":"<p>Especificaciones T\u00e9cnicas<\/p>\n<p>Compartimiento principal de gran tama\u00f1o (385 mm x 315 mm) que se adecua a casi todos los ordenadores port\u00e1tiles con pantalla de hasta 16&#034;<br \/>Interior acolchado para proteger el ordenador port\u00e1til<br \/>Bolsill<\/p>\n","protected":false},"excerpt":{"rendered":"<p>Especificaciones T\u00e9cnicas Compartimiento principal de gran tama\u00f1o (385 mm x 315 mm) que se adecua a casi todos los ordenadores port\u00e1tiles con pantalla de hasta 16&#034;Interior acolchado para proteger el ordenador port\u00e1tilBolsill<\/p>\n","protected":false},"featured_media":15573,"comment_status":"open","ping_status":"closed","template":"","meta":[],"product_cat":[484],"product_tag":[],"class_list":["post-15574","product","type-product","status-publish","has-post-thumbnail","hentry","product_cat-accesorios-para-portatiles","thunk-woo-product-list","opn-qv-enable","top-store-woo-hover-","top-store-single-product-tab-horizontal","top-store-shadow-","top-store-shadow-hover-"],"_links":{"self":[{"href":"https:\/\/server.idssoft.net\/idsdemo\/wp-json\/wp\/v2\/product\/15574","targetHints":{"allow":["GET"]}}],"collection":[{"href":"https:\/\/server.idssoft.net\/idsdemo\/wp-json\/wp\/v2\/product"}],"about":[{"href":"https:\/\/server.idssoft.net\/idsdemo\/wp-json\/wp\/v2\/types\/product"}],"replies":[{"embeddable":true,"href":"https:\/\/server.idssoft.net\/idsdemo\/wp-json\/wp\/v2\/comments?post=15574"}],"wp:featuredmedia":[{"embeddable":true,"href":"https:\/\/server.idssoft.net\/idsdemo\/wp-json\/wp\/v2\/media\/15573"}],"wp:attachment":[{"href":"https:\/\/server.idssoft.net\/idsdemo\/wp-json\/wp\/v2\/media?parent=15574"}],"wp:term":[{"taxonomy":"product_cat","embeddable":true,"href":"https:\/\/server.idssoft.net\/idsdemo\/wp-json\/wp\/v2\/product_cat?post=15574"},{"taxonomy":"product_tag","embeddable":true,"href":"https:\/\/server.idssoft.net\/idsdemo\/wp-json\/wp\/v2\/product_tag?post=15574"}],"curies":[{"name":"wp","href":"https:\/\/api.w.org\/{rel}","templated":true}]}}