{"id":15576,"date":"2021-06-23T15:43:12","date_gmt":"2021-06-23T15:43:12","guid":{"rendered":"https:\/\/server.idssoft.net\/idsdemo\/producto\/teclado-multimedia-trust-lito-retroiluminado\/"},"modified":"2021-06-23T15:43:12","modified_gmt":"2021-06-23T15:43:12","slug":"teclado-multimedia-trust-lito-retroiluminado","status":"publish","type":"product","link":"https:\/\/server.idssoft.net\/idsdemo\/producto\/teclado-multimedia-trust-lito-retroiluminado\/","title":{"rendered":"TECLADO MULTIMEDIA TRUST LITO RETROILUMINADO"},"content":{"rendered":"<p>\u2022luminaci\u00f3n blanca por LED que se puede apagar durante el d\u00eda<br \/>\u202212 teclas con funciones multimedia<br \/>\u2022Dise\u00f1o c\u00f3modo de tama\u00f1o completo<br \/>\u2022F\u00e1cil de usar: solo hay que conectarlo<br \/>\u2022Cable de 1.5 m<\/p>\n","protected":false},"excerpt":{"rendered":"<p>\u2022luminaci\u00f3n blanca por LED que se puede apagar durante el d\u00eda\u202212 teclas con funciones multimedia\u2022Dise\u00f1o c\u00f3modo de tama\u00f1o completo\u2022F\u00e1cil de usar: solo hay que conectarlo\u2022Cable de 1.5 m<\/p>\n","protected":false},"featured_media":15575,"comment_status":"open","ping_status":"closed","template":"","meta":[],"product_cat":[566],"product_tag":[],"class_list":["post-15576","product","type-product","status-publish","has-post-thumbnail","hentry","product_cat-teclados","thunk-woo-product-list","opn-qv-enable","top-store-woo-hover-","top-store-single-product-tab-horizontal","top-store-shadow-","top-store-shadow-hover-"],"_links":{"self":[{"href":"https:\/\/server.idssoft.net\/idsdemo\/wp-json\/wp\/v2\/product\/15576","targetHints":{"allow":["GET"]}}],"collection":[{"href":"https:\/\/server.idssoft.net\/idsdemo\/wp-json\/wp\/v2\/product"}],"about":[{"href":"https:\/\/server.idssoft.net\/idsdemo\/wp-json\/wp\/v2\/types\/product"}],"replies":[{"embeddable":true,"href":"https:\/\/server.idssoft.net\/idsdemo\/wp-json\/wp\/v2\/comments?post=15576"}],"wp:featuredmedia":[{"embeddable":true,"href":"https:\/\/server.idssoft.net\/idsdemo\/wp-json\/wp\/v2\/media\/15575"}],"wp:attachment":[{"href":"https:\/\/server.idssoft.net\/idsdemo\/wp-json\/wp\/v2\/media?parent=15576"}],"wp:term":[{"taxonomy":"product_cat","embeddable":true,"href":"https:\/\/server.idssoft.net\/idsdemo\/wp-json\/wp\/v2\/product_cat?post=15576"},{"taxonomy":"product_tag","embeddable":true,"href":"https:\/\/server.idssoft.net\/idsdemo\/wp-json\/wp\/v2\/product_tag?post=15576"}],"curies":[{"name":"wp","href":"https:\/\/api.w.org\/{rel}","templated":true}]}}