{"id":15602,"date":"2021-06-23T15:44:10","date_gmt":"2021-06-23T15:44:10","guid":{"rendered":"https:\/\/server.idssoft.net\/idsdemo\/producto\/tensiometro-de-brazo-beurer-bm-51\/"},"modified":"2021-06-23T15:44:10","modified_gmt":"2021-06-23T15:44:10","slug":"tensiometro-de-brazo-beurer-bm-51","status":"publish","type":"product","link":"https:\/\/server.idssoft.net\/idsdemo\/producto\/tensiometro-de-brazo-beurer-bm-51\/","title":{"rendered":"TENSIOMETRO DE BRAZO BEURER BM-51"},"content":{"rendered":"<p>Este tensi\u00f3metro de brazo cuenta con la tecnolog\u00eda de medici\u00f3n de inflaci\u00f3n que detecta autom\u00e1ticamente la cantidad de aire que necesita el manguito para empezar la medici\u00f3n. Con las 2 x 100 posiciones de memoria, 2 usuarios podr\u00e1n almacenar su<\/p>\n","protected":false},"excerpt":{"rendered":"<p>Este tensi\u00f3metro de brazo cuenta con la tecnolog\u00eda de medici\u00f3n de inflaci\u00f3n que detecta autom\u00e1ticamente la cantidad de aire que necesita el manguito para empezar la medici\u00f3n. Con las 2 x 100 posiciones de memoria, 2 usuarios podr\u00e1n almacenar su<\/p>\n","protected":false},"featured_media":15600,"comment_status":"open","ping_status":"closed","template":"","meta":[],"product_cat":[558],"product_tag":[],"class_list":["post-15602","product","type-product","status-publish","has-post-thumbnail","hentry","product_cat-tensiometros-y-pulsioximetros","thunk-woo-product-list","opn-qv-enable","top-store-woo-hover-","top-store-single-product-tab-horizontal","top-store-shadow-","top-store-shadow-hover-"],"_links":{"self":[{"href":"https:\/\/server.idssoft.net\/idsdemo\/wp-json\/wp\/v2\/product\/15602","targetHints":{"allow":["GET"]}}],"collection":[{"href":"https:\/\/server.idssoft.net\/idsdemo\/wp-json\/wp\/v2\/product"}],"about":[{"href":"https:\/\/server.idssoft.net\/idsdemo\/wp-json\/wp\/v2\/types\/product"}],"replies":[{"embeddable":true,"href":"https:\/\/server.idssoft.net\/idsdemo\/wp-json\/wp\/v2\/comments?post=15602"}],"wp:featuredmedia":[{"embeddable":true,"href":"https:\/\/server.idssoft.net\/idsdemo\/wp-json\/wp\/v2\/media\/15600"}],"wp:attachment":[{"href":"https:\/\/server.idssoft.net\/idsdemo\/wp-json\/wp\/v2\/media?parent=15602"}],"wp:term":[{"taxonomy":"product_cat","embeddable":true,"href":"https:\/\/server.idssoft.net\/idsdemo\/wp-json\/wp\/v2\/product_cat?post=15602"},{"taxonomy":"product_tag","embeddable":true,"href":"https:\/\/server.idssoft.net\/idsdemo\/wp-json\/wp\/v2\/product_tag?post=15602"}],"curies":[{"name":"wp","href":"https:\/\/api.w.org\/{rel}","templated":true}]}}