{"id":15608,"date":"2021-06-23T15:44:21","date_gmt":"2021-06-23T15:44:21","guid":{"rendered":"https:\/\/server.idssoft.net\/idsdemo\/producto\/pack-24-cubiertos-6-cucharas-6-tenedores-6-cuchillos\/"},"modified":"2021-06-23T15:44:21","modified_gmt":"2021-06-23T15:44:21","slug":"pack-24-cubiertos-6-cucharas-6-tenedores-6-cuchillos","status":"publish","type":"product","link":"https:\/\/server.idssoft.net\/idsdemo\/producto\/pack-24-cubiertos-6-cucharas-6-tenedores-6-cuchillos\/","title":{"rendered":"PACK 24 CUBIERTOS | 6 CUCHARAS + 6 TENEDORES  + 6 CUCHILLOS"},"content":{"rendered":"<p>Fabricado en acero inoxidable 18\/C<br \/>Espesor 1,8 mm<br \/>Composici\u00f3n: 6 cucharas \/ 6 tenedores \/ 6 cuchillos\/ 6 cucharitas caf\u00e9<br \/>Dise\u00f1o atemporal para tu d\u00eda a d\u00eda<br \/>Mango redondeado<br \/>Apto para lavado en lavavajillas<br \/>Acabado br<\/p>\n","protected":false},"excerpt":{"rendered":"<p>Fabricado en acero inoxidable 18\/CEspesor 1,8 mmComposici\u00f3n: 6 cucharas \/ 6 tenedores \/ 6 cuchillos\/ 6 cucharitas caf\u00e9Dise\u00f1o atemporal para tu d\u00eda a d\u00edaMango redondeadoApto para lavado en lavavajillasAcabado br<\/p>\n","protected":false},"featured_media":15606,"comment_status":"open","ping_status":"closed","template":"","meta":[],"product_cat":[521],"product_tag":[],"class_list":["post-15608","product","type-product","status-publish","has-post-thumbnail","hentry","product_cat-cubiertos","thunk-woo-product-list","opn-qv-enable","top-store-woo-hover-","top-store-single-product-tab-horizontal","top-store-shadow-","top-store-shadow-hover-"],"_links":{"self":[{"href":"https:\/\/server.idssoft.net\/idsdemo\/wp-json\/wp\/v2\/product\/15608","targetHints":{"allow":["GET"]}}],"collection":[{"href":"https:\/\/server.idssoft.net\/idsdemo\/wp-json\/wp\/v2\/product"}],"about":[{"href":"https:\/\/server.idssoft.net\/idsdemo\/wp-json\/wp\/v2\/types\/product"}],"replies":[{"embeddable":true,"href":"https:\/\/server.idssoft.net\/idsdemo\/wp-json\/wp\/v2\/comments?post=15608"}],"wp:featuredmedia":[{"embeddable":true,"href":"https:\/\/server.idssoft.net\/idsdemo\/wp-json\/wp\/v2\/media\/15606"}],"wp:attachment":[{"href":"https:\/\/server.idssoft.net\/idsdemo\/wp-json\/wp\/v2\/media?parent=15608"}],"wp:term":[{"taxonomy":"product_cat","embeddable":true,"href":"https:\/\/server.idssoft.net\/idsdemo\/wp-json\/wp\/v2\/product_cat?post=15608"},{"taxonomy":"product_tag","embeddable":true,"href":"https:\/\/server.idssoft.net\/idsdemo\/wp-json\/wp\/v2\/product_tag?post=15608"}],"curies":[{"name":"wp","href":"https:\/\/api.w.org\/{rel}","templated":true}]}}