{"id":15618,"date":"2021-06-23T15:44:45","date_gmt":"2021-06-23T15:44:45","guid":{"rendered":"https:\/\/server.idssoft.net\/idsdemo\/producto\/olla-a-presion-rapida-monix-veloce-22cm-tapa-acero-inox\/"},"modified":"2021-06-23T15:44:45","modified_gmt":"2021-06-23T15:44:45","slug":"olla-a-presion-rapida-monix-veloce-22cm-tapa-acero-inox","status":"publish","type":"product","link":"https:\/\/server.idssoft.net\/idsdemo\/producto\/olla-a-presion-rapida-monix-veloce-22cm-tapa-acero-inox\/","title":{"rendered":"OLLA  A PRESION RAPIDA MONIX VELOCE 22CM TAPA ACERO INOX"},"content":{"rendered":"<p>Descripci\u00f3n de producto<br \/>La olla a presi\u00f3n r\u00e1pida Veloce te har\u00e1 ahorrar tiempo a la hora de preparar tus platos. R\u00e1pida en la cocci\u00f3n y mantiene la temperatura.<br \/>Material de fabricaci\u00f3n Mango \/ Asas<br \/>Mango de tijera que permite una<\/p>\n","protected":false},"excerpt":{"rendered":"<p>Descripci\u00f3n de productoLa olla a presi\u00f3n r\u00e1pida Veloce te har\u00e1 ahorrar tiempo a la hora de preparar tus platos. R\u00e1pida en la cocci\u00f3n y mantiene la temperatura.Material de fabricaci\u00f3n Mango \/ AsasMango de tijera que permite una<\/p>\n","protected":false},"featured_media":15617,"comment_status":"open","ping_status":"closed","template":"","meta":[],"product_cat":[517],"product_tag":[],"class_list":["post-15618","product","type-product","status-publish","has-post-thumbnail","hentry","product_cat-cacerolas-ollas-y-cazos","thunk-woo-product-list","opn-qv-enable","top-store-woo-hover-","top-store-single-product-tab-horizontal","top-store-shadow-","top-store-shadow-hover-"],"_links":{"self":[{"href":"https:\/\/server.idssoft.net\/idsdemo\/wp-json\/wp\/v2\/product\/15618","targetHints":{"allow":["GET"]}}],"collection":[{"href":"https:\/\/server.idssoft.net\/idsdemo\/wp-json\/wp\/v2\/product"}],"about":[{"href":"https:\/\/server.idssoft.net\/idsdemo\/wp-json\/wp\/v2\/types\/product"}],"replies":[{"embeddable":true,"href":"https:\/\/server.idssoft.net\/idsdemo\/wp-json\/wp\/v2\/comments?post=15618"}],"wp:featuredmedia":[{"embeddable":true,"href":"https:\/\/server.idssoft.net\/idsdemo\/wp-json\/wp\/v2\/media\/15617"}],"wp:attachment":[{"href":"https:\/\/server.idssoft.net\/idsdemo\/wp-json\/wp\/v2\/media?parent=15618"}],"wp:term":[{"taxonomy":"product_cat","embeddable":true,"href":"https:\/\/server.idssoft.net\/idsdemo\/wp-json\/wp\/v2\/product_cat?post=15618"},{"taxonomy":"product_tag","embeddable":true,"href":"https:\/\/server.idssoft.net\/idsdemo\/wp-json\/wp\/v2\/product_tag?post=15618"}],"curies":[{"name":"wp","href":"https:\/\/api.w.org\/{rel}","templated":true}]}}