{"id":15630,"date":"2021-06-23T15:45:11","date_gmt":"2021-06-23T15:45:11","guid":{"rendered":"https:\/\/server.idssoft.net\/idsdemo\/producto\/teclado-microsoft-wireless-con-touchpad-negro-smart-tv\/"},"modified":"2021-06-23T15:45:11","modified_gmt":"2021-06-23T15:45:11","slug":"teclado-microsoft-wireless-con-touchpad-negro-smart-tv","status":"publish","type":"product","link":"https:\/\/server.idssoft.net\/idsdemo\/producto\/teclado-microsoft-wireless-con-touchpad-negro-smart-tv\/","title":{"rendered":"TECLADO MICROSOFT WIRELESS CON TOUCHPAD NEGRO | SMART TV |"},"content":{"rendered":"<p>El All-in-One Media Keyboard es el dispositivo perfecto tanto para el sal\u00f3n como para la oficina en casa. Tiene un conjunto de teclas de tama\u00f1o completo y una almohadilla multit\u00e1ctil integrada que le permitir\u00e1 puntear, deslizar los dedos, arrastra<\/p>\n","protected":false},"excerpt":{"rendered":"<p>El All-in-One Media Keyboard es el dispositivo perfecto tanto para el sal\u00f3n como para la oficina en casa. Tiene un conjunto de teclas de tama\u00f1o completo y una almohadilla multit\u00e1ctil integrada que le permitir\u00e1 puntear, deslizar los dedos, arrastra<\/p>\n","protected":false},"featured_media":15629,"comment_status":"open","ping_status":"closed","template":"","meta":[],"product_cat":[566],"product_tag":[],"class_list":["post-15630","product","type-product","status-publish","has-post-thumbnail","hentry","product_cat-teclados","thunk-woo-product-list","opn-qv-enable","top-store-woo-hover-","top-store-single-product-tab-horizontal","top-store-shadow-","top-store-shadow-hover-"],"_links":{"self":[{"href":"https:\/\/server.idssoft.net\/idsdemo\/wp-json\/wp\/v2\/product\/15630","targetHints":{"allow":["GET"]}}],"collection":[{"href":"https:\/\/server.idssoft.net\/idsdemo\/wp-json\/wp\/v2\/product"}],"about":[{"href":"https:\/\/server.idssoft.net\/idsdemo\/wp-json\/wp\/v2\/types\/product"}],"replies":[{"embeddable":true,"href":"https:\/\/server.idssoft.net\/idsdemo\/wp-json\/wp\/v2\/comments?post=15630"}],"wp:featuredmedia":[{"embeddable":true,"href":"https:\/\/server.idssoft.net\/idsdemo\/wp-json\/wp\/v2\/media\/15629"}],"wp:attachment":[{"href":"https:\/\/server.idssoft.net\/idsdemo\/wp-json\/wp\/v2\/media?parent=15630"}],"wp:term":[{"taxonomy":"product_cat","embeddable":true,"href":"https:\/\/server.idssoft.net\/idsdemo\/wp-json\/wp\/v2\/product_cat?post=15630"},{"taxonomy":"product_tag","embeddable":true,"href":"https:\/\/server.idssoft.net\/idsdemo\/wp-json\/wp\/v2\/product_tag?post=15630"}],"curies":[{"name":"wp","href":"https:\/\/api.w.org\/{rel}","templated":true}]}}