{"id":15679,"date":"2021-06-23T15:47:03","date_gmt":"2021-06-23T15:47:03","guid":{"rendered":"https:\/\/server.idssoft.net\/idsdemo\/producto\/telefono-fijo-inalambrico-gigaset-c575\/"},"modified":"2021-06-23T15:47:03","modified_gmt":"2021-06-23T15:47:03","slug":"telefono-fijo-inalambrico-gigaset-c575","status":"publish","type":"product","link":"https:\/\/server.idssoft.net\/idsdemo\/producto\/telefono-fijo-inalambrico-gigaset-c575\/","title":{"rendered":"TELEFONO FIJO INALAMBRICO GIGASET C575"},"content":{"rendered":"<p>Caracter\u00edsticas generales<br \/>Conexi\u00f3n: Anal\u00f3gico<br \/>N\u00famero de conversaciones simult\u00e1neas (anal\u00f3gica): 1<br \/>Standares DECT: DECT, GAP<br \/>ECO DECT: Reducci\u00f3n autom\u00e1tica de transmisi\u00f3n de enrg\u00eda, Libre de radiaci\u00f3n en modo standby, Baj<\/p>\n","protected":false},"excerpt":{"rendered":"<p>Caracter\u00edsticas generalesConexi\u00f3n: Anal\u00f3gicoN\u00famero de conversaciones simult\u00e1neas (anal\u00f3gica): 1Standares DECT: DECT, GAPECO DECT: Reducci\u00f3n autom\u00e1tica de transmisi\u00f3n de enrg\u00eda, Libre de radiaci\u00f3n en modo standby, Baj<\/p>\n","protected":false},"featured_media":15677,"comment_status":"open","ping_status":"closed","template":"","meta":[],"product_cat":[488],"product_tag":[],"class_list":["post-15679","product","type-product","status-publish","has-post-thumbnail","hentry","product_cat-telefonia-fija-inalmbrica","thunk-woo-product-list","opn-qv-enable","top-store-woo-hover-","top-store-single-product-tab-horizontal","top-store-shadow-","top-store-shadow-hover-"],"_links":{"self":[{"href":"https:\/\/server.idssoft.net\/idsdemo\/wp-json\/wp\/v2\/product\/15679","targetHints":{"allow":["GET"]}}],"collection":[{"href":"https:\/\/server.idssoft.net\/idsdemo\/wp-json\/wp\/v2\/product"}],"about":[{"href":"https:\/\/server.idssoft.net\/idsdemo\/wp-json\/wp\/v2\/types\/product"}],"replies":[{"embeddable":true,"href":"https:\/\/server.idssoft.net\/idsdemo\/wp-json\/wp\/v2\/comments?post=15679"}],"wp:featuredmedia":[{"embeddable":true,"href":"https:\/\/server.idssoft.net\/idsdemo\/wp-json\/wp\/v2\/media\/15677"}],"wp:attachment":[{"href":"https:\/\/server.idssoft.net\/idsdemo\/wp-json\/wp\/v2\/media?parent=15679"}],"wp:term":[{"taxonomy":"product_cat","embeddable":true,"href":"https:\/\/server.idssoft.net\/idsdemo\/wp-json\/wp\/v2\/product_cat?post=15679"},{"taxonomy":"product_tag","embeddable":true,"href":"https:\/\/server.idssoft.net\/idsdemo\/wp-json\/wp\/v2\/product_tag?post=15679"}],"curies":[{"name":"wp","href":"https:\/\/api.w.org\/{rel}","templated":true}]}}