{"id":15687,"date":"2021-06-23T15:47:19","date_gmt":"2021-06-23T15:47:19","guid":{"rendered":"https:\/\/server.idssoft.net\/idsdemo\/producto\/ventilador-de-suelo-industrial-pw1240-80w-aspas-40cm-orbeg\/"},"modified":"2021-06-23T15:47:19","modified_gmt":"2021-06-23T15:47:19","slug":"ventilador-de-suelo-industrial-pw1240-80w-aspas-40cm-orbeg","status":"publish","type":"product","link":"https:\/\/server.idssoft.net\/idsdemo\/producto\/ventilador-de-suelo-industrial-pw1240-80w-aspas-40cm-orbeg\/","title":{"rendered":"VENTILADOR DE SUELO INDUSTRIAL PW1240 80W | ASPAS 40CM ORBEG"},"content":{"rendered":"<p>&#8211; Aspas met\u00e1licas de 40 cm de di\u00e1metro.<br \/>&#8211; 3 velocidades de ventilaci\u00f3n.<br \/>&#8211; Potencia: 80 W.<br \/>&#8211; Motor de mayor eficiencia y bajo consumo el\u00e9ctrico.<br \/>&#8211; Base estable con pies antideslizantes.<br \/>&#8211; Asa de transporte: ligero y f\u00e1cil<\/p>\n","protected":false},"excerpt":{"rendered":"<p>&#8211; Aspas met\u00e1licas de 40 cm de di\u00e1metro.&#8211; 3 velocidades de ventilaci\u00f3n.&#8211; Potencia: 80 W.&#8211; Motor de mayor eficiencia y bajo consumo el\u00e9ctrico.&#8211; Base estable con pies antideslizantes.&#8211; Asa de transporte: ligero y f\u00e1cil<\/p>\n","protected":false},"featured_media":15685,"comment_status":"open","ping_status":"closed","template":"","meta":[],"product_cat":[497],"product_tag":[],"class_list":["post-15687","product","type-product","status-publish","has-post-thumbnail","hentry","product_cat-ventilacin","thunk-woo-product-list","opn-qv-enable","top-store-woo-hover-","top-store-single-product-tab-horizontal","top-store-shadow-","top-store-shadow-hover-"],"_links":{"self":[{"href":"https:\/\/server.idssoft.net\/idsdemo\/wp-json\/wp\/v2\/product\/15687","targetHints":{"allow":["GET"]}}],"collection":[{"href":"https:\/\/server.idssoft.net\/idsdemo\/wp-json\/wp\/v2\/product"}],"about":[{"href":"https:\/\/server.idssoft.net\/idsdemo\/wp-json\/wp\/v2\/types\/product"}],"replies":[{"embeddable":true,"href":"https:\/\/server.idssoft.net\/idsdemo\/wp-json\/wp\/v2\/comments?post=15687"}],"wp:featuredmedia":[{"embeddable":true,"href":"https:\/\/server.idssoft.net\/idsdemo\/wp-json\/wp\/v2\/media\/15685"}],"wp:attachment":[{"href":"https:\/\/server.idssoft.net\/idsdemo\/wp-json\/wp\/v2\/media?parent=15687"}],"wp:term":[{"taxonomy":"product_cat","embeddable":true,"href":"https:\/\/server.idssoft.net\/idsdemo\/wp-json\/wp\/v2\/product_cat?post=15687"},{"taxonomy":"product_tag","embeddable":true,"href":"https:\/\/server.idssoft.net\/idsdemo\/wp-json\/wp\/v2\/product_tag?post=15687"}],"curies":[{"name":"wp","href":"https:\/\/api.w.org\/{rel}","templated":true}]}}