{"id":15695,"date":"2021-06-23T15:47:35","date_gmt":"2021-06-23T15:47:35","guid":{"rendered":"https:\/\/server.idssoft.net\/idsdemo\/producto\/cargador-pared-sucko-2-usb-3-1a-ewent\/"},"modified":"2021-06-23T15:47:35","modified_gmt":"2021-06-23T15:47:35","slug":"cargador-pared-sucko-2-usb-3-1a-ewent","status":"publish","type":"product","link":"https:\/\/server.idssoft.net\/idsdemo\/producto\/cargador-pared-sucko-2-usb-3-1a-ewent\/","title":{"rendered":"CARGADOR PARED SUCKO + 2 USB 3.1A EWENT"},"content":{"rendered":"<p>&#8211; Cargue hasta 2 dispositivos USB al mismo tiempo directamente a trav\u00e9s de toma de corriente de pared<br \/>&#8211; Compatible con la tableta, smartphone o cualquier dispositivo port\u00e1til que los cargos a trav\u00e9s de USB<br \/>&#8211; Enchufe de pared permanece dis<\/p>\n","protected":false},"excerpt":{"rendered":"<p>&#8211; Cargue hasta 2 dispositivos USB al mismo tiempo directamente a trav\u00e9s de toma de corriente de pared&#8211; Compatible con la tableta, smartphone o cualquier dispositivo port\u00e1til que los cargos a trav\u00e9s de USB&#8211; Enchufe de pared permanece dis<\/p>\n","protected":false},"featured_media":15693,"comment_status":"open","ping_status":"closed","template":"","meta":[],"product_cat":[603],"product_tag":[],"class_list":["post-15695","product","type-product","status-publish","has-post-thumbnail","hentry","product_cat-bases-multiples-adaptadores","thunk-woo-product-list","opn-qv-enable","top-store-woo-hover-","top-store-single-product-tab-horizontal","top-store-shadow-","top-store-shadow-hover-"],"_links":{"self":[{"href":"https:\/\/server.idssoft.net\/idsdemo\/wp-json\/wp\/v2\/product\/15695","targetHints":{"allow":["GET"]}}],"collection":[{"href":"https:\/\/server.idssoft.net\/idsdemo\/wp-json\/wp\/v2\/product"}],"about":[{"href":"https:\/\/server.idssoft.net\/idsdemo\/wp-json\/wp\/v2\/types\/product"}],"replies":[{"embeddable":true,"href":"https:\/\/server.idssoft.net\/idsdemo\/wp-json\/wp\/v2\/comments?post=15695"}],"wp:featuredmedia":[{"embeddable":true,"href":"https:\/\/server.idssoft.net\/idsdemo\/wp-json\/wp\/v2\/media\/15693"}],"wp:attachment":[{"href":"https:\/\/server.idssoft.net\/idsdemo\/wp-json\/wp\/v2\/media?parent=15695"}],"wp:term":[{"taxonomy":"product_cat","embeddable":true,"href":"https:\/\/server.idssoft.net\/idsdemo\/wp-json\/wp\/v2\/product_cat?post=15695"},{"taxonomy":"product_tag","embeddable":true,"href":"https:\/\/server.idssoft.net\/idsdemo\/wp-json\/wp\/v2\/product_tag?post=15695"}],"curies":[{"name":"wp","href":"https:\/\/api.w.org\/{rel}","templated":true}]}}