{"id":15700,"date":"2021-06-23T15:47:49","date_gmt":"2021-06-23T15:47:49","guid":{"rendered":"https:\/\/server.idssoft.net\/idsdemo\/producto\/pizarra-digital-leotec-sketchboard-ten-black-10-25-4cm-i\/"},"modified":"2021-06-23T15:47:49","modified_gmt":"2021-06-23T15:47:49","slug":"pizarra-digital-leotec-sketchboard-ten-black-10-25-4cm-i","status":"publish","type":"product","link":"https:\/\/server.idssoft.net\/idsdemo\/producto\/pizarra-digital-leotec-sketchboard-ten-black-10-25-4cm-i\/","title":{"rendered":"PIZARRA DIGITAL LEOTEC SKETCHBOARD TEN BLACK &#8211; 10\/25.4CM | I"},"content":{"rendered":"<p>Ahorra en papel, tiza o rotuladores con las nuevas Leotec SketchBoard, pizarras inteligentes dise\u00f1adas en Espa\u00f1a siguiendo un meticuloso control de calidad que permiten dibujar, escribir o dise\u00f1ar utilizando un c\u00f3modo l\u00e1piz stylus a color.<br \/>L<\/p>\n","protected":false},"excerpt":{"rendered":"<p>Ahorra en papel, tiza o rotuladores con las nuevas Leotec SketchBoard, pizarras inteligentes dise\u00f1adas en Espa\u00f1a siguiendo un meticuloso control de calidad que permiten dibujar, escribir o dise\u00f1ar utilizando un c\u00f3modo l\u00e1piz stylus a color.L<\/p>\n","protected":false},"featured_media":15698,"comment_status":"open","ping_status":"closed","template":"","meta":[],"product_cat":[453],"product_tag":[],"class_list":["post-15700","product","type-product","status-publish","has-post-thumbnail","hentry","product_cat-monitores","thunk-woo-product-list","opn-qv-enable","top-store-woo-hover-","top-store-single-product-tab-horizontal","top-store-shadow-","top-store-shadow-hover-"],"_links":{"self":[{"href":"https:\/\/server.idssoft.net\/idsdemo\/wp-json\/wp\/v2\/product\/15700","targetHints":{"allow":["GET"]}}],"collection":[{"href":"https:\/\/server.idssoft.net\/idsdemo\/wp-json\/wp\/v2\/product"}],"about":[{"href":"https:\/\/server.idssoft.net\/idsdemo\/wp-json\/wp\/v2\/types\/product"}],"replies":[{"embeddable":true,"href":"https:\/\/server.idssoft.net\/idsdemo\/wp-json\/wp\/v2\/comments?post=15700"}],"wp:featuredmedia":[{"embeddable":true,"href":"https:\/\/server.idssoft.net\/idsdemo\/wp-json\/wp\/v2\/media\/15698"}],"wp:attachment":[{"href":"https:\/\/server.idssoft.net\/idsdemo\/wp-json\/wp\/v2\/media?parent=15700"}],"wp:term":[{"taxonomy":"product_cat","embeddable":true,"href":"https:\/\/server.idssoft.net\/idsdemo\/wp-json\/wp\/v2\/product_cat?post=15700"},{"taxonomy":"product_tag","embeddable":true,"href":"https:\/\/server.idssoft.net\/idsdemo\/wp-json\/wp\/v2\/product_tag?post=15700"}],"curies":[{"name":"wp","href":"https:\/\/api.w.org\/{rel}","templated":true}]}}