{"id":15788,"date":"2021-06-23T15:51:02","date_gmt":"2021-06-23T15:51:02","guid":{"rendered":"https:\/\/server.idssoft.net\/idsdemo\/producto\/veplus-antivaho-para-gafas-con-dosificador-15ml\/"},"modified":"2021-06-23T15:51:02","modified_gmt":"2021-06-23T15:51:02","slug":"veplus-antivaho-para-gafas-con-dosificador-15ml","status":"publish","type":"product","link":"https:\/\/server.idssoft.net\/idsdemo\/producto\/veplus-antivaho-para-gafas-con-dosificador-15ml\/","title":{"rendered":"VEPLUS ANTIVAHO PARA GAFAS CON DOSIFICADOR 15ML"},"content":{"rendered":"<p>La mascarilla se ha convertido en una prenda m\u00e1s de uso cotidiano. Sin embargo, su utilizaci\u00f3n tiene un gran inconveniente para las personas que llevan gafas porque la mascarilla hace que las lentes se empa\u00f1an con frecuencia, lo cual es claramente<\/p>\n","protected":false},"excerpt":{"rendered":"<p>La mascarilla se ha convertido en una prenda m\u00e1s de uso cotidiano. Sin embargo, su utilizaci\u00f3n tiene un gran inconveniente para las personas que llevan gafas porque la mascarilla hace que las lentes se empa\u00f1an con frecuencia, lo cual es claramente<\/p>\n","protected":false},"featured_media":15786,"comment_status":"open","ping_status":"closed","template":"","meta":[],"product_cat":[649],"product_tag":[],"class_list":["post-15788","product","type-product","status-publish","has-post-thumbnail","hentry","product_cat-mascarillas-pantallas","thunk-woo-product-list","opn-qv-enable","top-store-woo-hover-","top-store-single-product-tab-horizontal","top-store-shadow-","top-store-shadow-hover-"],"_links":{"self":[{"href":"https:\/\/server.idssoft.net\/idsdemo\/wp-json\/wp\/v2\/product\/15788","targetHints":{"allow":["GET"]}}],"collection":[{"href":"https:\/\/server.idssoft.net\/idsdemo\/wp-json\/wp\/v2\/product"}],"about":[{"href":"https:\/\/server.idssoft.net\/idsdemo\/wp-json\/wp\/v2\/types\/product"}],"replies":[{"embeddable":true,"href":"https:\/\/server.idssoft.net\/idsdemo\/wp-json\/wp\/v2\/comments?post=15788"}],"wp:featuredmedia":[{"embeddable":true,"href":"https:\/\/server.idssoft.net\/idsdemo\/wp-json\/wp\/v2\/media\/15786"}],"wp:attachment":[{"href":"https:\/\/server.idssoft.net\/idsdemo\/wp-json\/wp\/v2\/media?parent=15788"}],"wp:term":[{"taxonomy":"product_cat","embeddable":true,"href":"https:\/\/server.idssoft.net\/idsdemo\/wp-json\/wp\/v2\/product_cat?post=15788"},{"taxonomy":"product_tag","embeddable":true,"href":"https:\/\/server.idssoft.net\/idsdemo\/wp-json\/wp\/v2\/product_tag?post=15788"}],"curies":[{"name":"wp","href":"https:\/\/api.w.org\/{rel}","templated":true}]}}