{"id":15794,"date":"2021-06-23T15:51:15","date_gmt":"2021-06-23T15:51:15","guid":{"rendered":"https:\/\/server.idssoft.net\/idsdemo\/producto\/telefono-fijo-motorola-ct202-lcd-blanco\/"},"modified":"2021-06-23T15:51:15","modified_gmt":"2021-06-23T15:51:15","slug":"telefono-fijo-motorola-ct202-lcd-blanco","status":"publish","type":"product","link":"https:\/\/server.idssoft.net\/idsdemo\/producto\/telefono-fijo-motorola-ct202-lcd-blanco\/","title":{"rendered":"TELEFONO FIJO MOTOROLA CT202 LCD BLANCO"},"content":{"rendered":"<p>General<br \/>&#8211; Modo de marcaci\u00f3n &#8211; tono y pulso<br \/>&#8211; Indicador de buz\u00f3n de voz en la red<br \/>Pantalla y caracter\u00edsticas del men\u00fa<br \/>&#8211; Pantalla LCD en blanco y negro<br \/>&#8211; Alarma<br \/>&#8211; Funci\u00f3n fecha y hora<br \/>&#8211; Contraste LCD, 5 niveles&lt;br<\/p>\n","protected":false},"excerpt":{"rendered":"<p>General&#8211; Modo de marcaci\u00f3n &#8211; tono y pulso&#8211; Indicador de buz\u00f3n de voz en la redPantalla y caracter\u00edsticas del men\u00fa&#8211; Pantalla LCD en blanco y negro&#8211; Alarma&#8211; Funci\u00f3n fecha y hora&#8211; Contraste LCD, 5 niveles&lt;br<\/p>\n","protected":false},"featured_media":15793,"comment_status":"open","ping_status":"closed","template":"","meta":[],"product_cat":[487],"product_tag":[],"class_list":["post-15794","product","type-product","status-publish","has-post-thumbnail","hentry","product_cat-telefona-fija-sobremesa","thunk-woo-product-list","opn-qv-enable","top-store-woo-hover-","top-store-single-product-tab-horizontal","top-store-shadow-","top-store-shadow-hover-"],"_links":{"self":[{"href":"https:\/\/server.idssoft.net\/idsdemo\/wp-json\/wp\/v2\/product\/15794","targetHints":{"allow":["GET"]}}],"collection":[{"href":"https:\/\/server.idssoft.net\/idsdemo\/wp-json\/wp\/v2\/product"}],"about":[{"href":"https:\/\/server.idssoft.net\/idsdemo\/wp-json\/wp\/v2\/types\/product"}],"replies":[{"embeddable":true,"href":"https:\/\/server.idssoft.net\/idsdemo\/wp-json\/wp\/v2\/comments?post=15794"}],"wp:featuredmedia":[{"embeddable":true,"href":"https:\/\/server.idssoft.net\/idsdemo\/wp-json\/wp\/v2\/media\/15793"}],"wp:attachment":[{"href":"https:\/\/server.idssoft.net\/idsdemo\/wp-json\/wp\/v2\/media?parent=15794"}],"wp:term":[{"taxonomy":"product_cat","embeddable":true,"href":"https:\/\/server.idssoft.net\/idsdemo\/wp-json\/wp\/v2\/product_cat?post=15794"},{"taxonomy":"product_tag","embeddable":true,"href":"https:\/\/server.idssoft.net\/idsdemo\/wp-json\/wp\/v2\/product_tag?post=15794"}],"curies":[{"name":"wp","href":"https:\/\/api.w.org\/{rel}","templated":true}]}}