{"id":15797,"date":"2021-06-23T15:51:21","date_gmt":"2021-06-23T15:51:21","guid":{"rendered":"https:\/\/server.idssoft.net\/idsdemo\/producto\/medidor-de-altura-con-sensor-jata\/"},"modified":"2021-06-23T15:51:21","modified_gmt":"2021-06-23T15:51:21","slug":"medidor-de-altura-con-sensor-jata","status":"publish","type":"product","link":"https:\/\/server.idssoft.net\/idsdemo\/producto\/medidor-de-altura-con-sensor-jata\/","title":{"rendered":"MEDIDOR DE ALTURA CON SENSOR JATA"},"content":{"rendered":"<p>\u2022Sensor por infrarrojos, alta precisi\u00f3n.<br \/>\u2022Altura maxima 200 cm.<br \/>\u2022Graduaci\u00f3n 0,1 cm.<br \/>\u2022Pulsador de encendido multifunci\u00f3n: Encendido, medici\u00f3n y funci\u00f3n de conversi\u00f3n: cm. \/ in.<br \/>\u2022Visor &#034;LCD&#034; 4 d\u00edgitos.<br \/>?<\/p>\n","protected":false},"excerpt":{"rendered":"<p>\u2022Sensor por infrarrojos, alta precisi\u00f3n.\u2022Altura maxima 200 cm.\u2022Graduaci\u00f3n 0,1 cm.\u2022Pulsador de encendido multifunci\u00f3n: Encendido, medici\u00f3n y funci\u00f3n de conversi\u00f3n: cm. \/ in.\u2022Visor &#034;LCD&#034; 4 d\u00edgitos.?<\/p>\n","protected":false},"featured_media":15795,"comment_status":"open","ping_status":"closed","template":"","meta":[],"product_cat":[558],"product_tag":[],"class_list":["post-15797","product","type-product","status-publish","has-post-thumbnail","hentry","product_cat-tensiometros-y-pulsioximetros","thunk-woo-product-list","opn-qv-enable","top-store-woo-hover-","top-store-single-product-tab-horizontal","top-store-shadow-","top-store-shadow-hover-"],"_links":{"self":[{"href":"https:\/\/server.idssoft.net\/idsdemo\/wp-json\/wp\/v2\/product\/15797","targetHints":{"allow":["GET"]}}],"collection":[{"href":"https:\/\/server.idssoft.net\/idsdemo\/wp-json\/wp\/v2\/product"}],"about":[{"href":"https:\/\/server.idssoft.net\/idsdemo\/wp-json\/wp\/v2\/types\/product"}],"replies":[{"embeddable":true,"href":"https:\/\/server.idssoft.net\/idsdemo\/wp-json\/wp\/v2\/comments?post=15797"}],"wp:featuredmedia":[{"embeddable":true,"href":"https:\/\/server.idssoft.net\/idsdemo\/wp-json\/wp\/v2\/media\/15795"}],"wp:attachment":[{"href":"https:\/\/server.idssoft.net\/idsdemo\/wp-json\/wp\/v2\/media?parent=15797"}],"wp:term":[{"taxonomy":"product_cat","embeddable":true,"href":"https:\/\/server.idssoft.net\/idsdemo\/wp-json\/wp\/v2\/product_cat?post=15797"},{"taxonomy":"product_tag","embeddable":true,"href":"https:\/\/server.idssoft.net\/idsdemo\/wp-json\/wp\/v2\/product_tag?post=15797"}],"curies":[{"name":"wp","href":"https:\/\/api.w.org\/{rel}","templated":true}]}}