{"id":15824,"date":"2021-06-23T15:52:08","date_gmt":"2021-06-23T15:52:08","guid":{"rendered":"https:\/\/server.idssoft.net\/idsdemo\/producto\/cortador-de-pizza-essential-jata\/"},"modified":"2021-06-23T15:52:08","modified_gmt":"2021-06-23T15:52:08","slug":"cortador-de-pizza-essential-jata","status":"publish","type":"product","link":"https:\/\/server.idssoft.net\/idsdemo\/producto\/cortador-de-pizza-essential-jata\/","title":{"rendered":"CORTADOR DE PIZZA ESSENTIAL JATA"},"content":{"rendered":"<p>Cuchillas de acero inoxidable. Di\u00e1metro 65 mm.<br \/>Mango ergon\u00f3mico de silicona TPR antideslizante.<br \/>Higi\u00e9nico y saludable, cumple normativa FDA y LFGB.<br \/>Apto para lavavajillas.<\/p>\n","protected":false},"excerpt":{"rendered":"<p>Cuchillas de acero inoxidable. Di\u00e1metro 65 mm.Mango ergon\u00f3mico de silicona TPR antideslizante.Higi\u00e9nico y saludable, cumple normativa FDA y LFGB.Apto para lavavajillas.<\/p>\n","protected":false},"featured_media":15822,"comment_status":"open","ping_status":"closed","template":"","meta":[],"product_cat":[530],"product_tag":[],"class_list":["post-15824","product","type-product","status-publish","has-post-thumbnail","hentry","product_cat-utensilios-cocina","thunk-woo-product-list","opn-qv-enable","top-store-woo-hover-","top-store-single-product-tab-horizontal","top-store-shadow-","top-store-shadow-hover-"],"_links":{"self":[{"href":"https:\/\/server.idssoft.net\/idsdemo\/wp-json\/wp\/v2\/product\/15824","targetHints":{"allow":["GET"]}}],"collection":[{"href":"https:\/\/server.idssoft.net\/idsdemo\/wp-json\/wp\/v2\/product"}],"about":[{"href":"https:\/\/server.idssoft.net\/idsdemo\/wp-json\/wp\/v2\/types\/product"}],"replies":[{"embeddable":true,"href":"https:\/\/server.idssoft.net\/idsdemo\/wp-json\/wp\/v2\/comments?post=15824"}],"wp:featuredmedia":[{"embeddable":true,"href":"https:\/\/server.idssoft.net\/idsdemo\/wp-json\/wp\/v2\/media\/15822"}],"wp:attachment":[{"href":"https:\/\/server.idssoft.net\/idsdemo\/wp-json\/wp\/v2\/media?parent=15824"}],"wp:term":[{"taxonomy":"product_cat","embeddable":true,"href":"https:\/\/server.idssoft.net\/idsdemo\/wp-json\/wp\/v2\/product_cat?post=15824"},{"taxonomy":"product_tag","embeddable":true,"href":"https:\/\/server.idssoft.net\/idsdemo\/wp-json\/wp\/v2\/product_tag?post=15824"}],"curies":[{"name":"wp","href":"https:\/\/api.w.org\/{rel}","templated":true}]}}