{"id":15833,"date":"2021-06-23T15:52:30","date_gmt":"2021-06-23T15:52:30","guid":{"rendered":"https:\/\/server.idssoft.net\/idsdemo\/producto\/auricular-gaming-microfono-plegable-usb-2-0-ngs-ghx-505\/"},"modified":"2021-06-23T15:52:30","modified_gmt":"2021-06-23T15:52:30","slug":"auricular-gaming-microfono-plegable-usb-2-0-ngs-ghx-505","status":"publish","type":"product","link":"https:\/\/server.idssoft.net\/idsdemo\/producto\/auricular-gaming-microfono-plegable-usb-2-0-ngs-ghx-505\/","title":{"rendered":"AURICULAR GAMING MICROFONO PLEGABLE USB 2.0 NGS GHX-505"},"content":{"rendered":"<p>Caracteristicas:<\/p>\n<p>-Potencia: 10mW<br \/>-Alimentado por: Jack 3,5mm<br \/>-Control de volumen: Si<br \/>-Est\u00e9reo: Si<br \/>-Micr\u00f3fono: Si<br \/>-Longitud del Cable: 2m (Nylon)<br \/>-Tama\u00f1o del altavoz: 40mm<\/p>\n<p>Especificaciones:<\/p>\n<p>Auricula<\/p>\n","protected":false},"excerpt":{"rendered":"<p>Caracteristicas: -Potencia: 10mW-Alimentado por: Jack 3,5mm-Control de volumen: Si-Est\u00e9reo: Si-Micr\u00f3fono: Si-Longitud del Cable: 2m (Nylon)-Tama\u00f1o del altavoz: 40mm Especificaciones: Auricula<\/p>\n","protected":false},"featured_media":15832,"comment_status":"open","ping_status":"closed","template":"","meta":[],"product_cat":[559],"product_tag":[],"class_list":["post-15833","product","type-product","status-publish","has-post-thumbnail","hentry","product_cat-auriculares-gaming","thunk-woo-product-list","opn-qv-enable","top-store-woo-hover-","top-store-single-product-tab-horizontal","top-store-shadow-","top-store-shadow-hover-"],"_links":{"self":[{"href":"https:\/\/server.idssoft.net\/idsdemo\/wp-json\/wp\/v2\/product\/15833","targetHints":{"allow":["GET"]}}],"collection":[{"href":"https:\/\/server.idssoft.net\/idsdemo\/wp-json\/wp\/v2\/product"}],"about":[{"href":"https:\/\/server.idssoft.net\/idsdemo\/wp-json\/wp\/v2\/types\/product"}],"replies":[{"embeddable":true,"href":"https:\/\/server.idssoft.net\/idsdemo\/wp-json\/wp\/v2\/comments?post=15833"}],"wp:featuredmedia":[{"embeddable":true,"href":"https:\/\/server.idssoft.net\/idsdemo\/wp-json\/wp\/v2\/media\/15832"}],"wp:attachment":[{"href":"https:\/\/server.idssoft.net\/idsdemo\/wp-json\/wp\/v2\/media?parent=15833"}],"wp:term":[{"taxonomy":"product_cat","embeddable":true,"href":"https:\/\/server.idssoft.net\/idsdemo\/wp-json\/wp\/v2\/product_cat?post=15833"},{"taxonomy":"product_tag","embeddable":true,"href":"https:\/\/server.idssoft.net\/idsdemo\/wp-json\/wp\/v2\/product_tag?post=15833"}],"curies":[{"name":"wp","href":"https:\/\/api.w.org\/{rel}","templated":true}]}}