{"id":15835,"date":"2021-06-23T15:52:34","date_gmt":"2021-06-23T15:52:34","guid":{"rendered":"https:\/\/server.idssoft.net\/idsdemo\/producto\/impresora-oki-laser-monocromo-b412dn\/"},"modified":"2021-06-23T15:52:34","modified_gmt":"2021-06-23T15:52:34","slug":"impresora-oki-laser-monocromo-b412dn","status":"publish","type":"product","link":"https:\/\/server.idssoft.net\/idsdemo\/producto\/impresora-oki-laser-monocromo-b412dn\/","title":{"rendered":"IMPRESORA OKI LASER MONOCROMO B412DN"},"content":{"rendered":"<p>Impresora l\u00e1ser\/LED A4 1200 x 1200 ppp, 33 ppm, 512 MB de RAM + 3 GB eMMc, USB 2.0, Ethernet 10\/100\/1000, PCL\/SIDM\/XPS, impresi\u00f3n de c\u00f3digos de barras, bandeja de papel: 350 hojas (100 hojas bandeja multiuso) M\u00e1x. 880 hojas. D\u00faplex de serie. Cert<\/p>\n","protected":false},"excerpt":{"rendered":"<p>Impresora l\u00e1ser\/LED A4 1200 x 1200 ppp, 33 ppm, 512 MB de RAM + 3 GB eMMc, USB 2.0, Ethernet 10\/100\/1000, PCL\/SIDM\/XPS, impresi\u00f3n de c\u00f3digos de barras, bandeja de papel: 350 hojas (100 hojas bandeja multiuso) M\u00e1x. 880 hojas. D\u00faplex de serie. Cert<\/p>\n","protected":false},"featured_media":15834,"comment_status":"open","ping_status":"closed","template":"","meta":[],"product_cat":[459],"product_tag":[],"class_list":["post-15835","product","type-product","status-publish","has-post-thumbnail","hentry","product_cat-impresoras-laser","thunk-woo-product-list","opn-qv-enable","top-store-woo-hover-","top-store-single-product-tab-horizontal","top-store-shadow-","top-store-shadow-hover-"],"_links":{"self":[{"href":"https:\/\/server.idssoft.net\/idsdemo\/wp-json\/wp\/v2\/product\/15835","targetHints":{"allow":["GET"]}}],"collection":[{"href":"https:\/\/server.idssoft.net\/idsdemo\/wp-json\/wp\/v2\/product"}],"about":[{"href":"https:\/\/server.idssoft.net\/idsdemo\/wp-json\/wp\/v2\/types\/product"}],"replies":[{"embeddable":true,"href":"https:\/\/server.idssoft.net\/idsdemo\/wp-json\/wp\/v2\/comments?post=15835"}],"wp:featuredmedia":[{"embeddable":true,"href":"https:\/\/server.idssoft.net\/idsdemo\/wp-json\/wp\/v2\/media\/15834"}],"wp:attachment":[{"href":"https:\/\/server.idssoft.net\/idsdemo\/wp-json\/wp\/v2\/media?parent=15835"}],"wp:term":[{"taxonomy":"product_cat","embeddable":true,"href":"https:\/\/server.idssoft.net\/idsdemo\/wp-json\/wp\/v2\/product_cat?post=15835"},{"taxonomy":"product_tag","embeddable":true,"href":"https:\/\/server.idssoft.net\/idsdemo\/wp-json\/wp\/v2\/product_tag?post=15835"}],"curies":[{"name":"wp","href":"https:\/\/api.w.org\/{rel}","templated":true}]}}