{"id":15840,"date":"2021-06-23T15:52:43","date_gmt":"2021-06-23T15:52:43","guid":{"rendered":"https:\/\/server.idssoft.net\/idsdemo\/producto\/caja-externa-para-disco-duro-2-5-i-case-230-usb-3-0\/"},"modified":"2021-06-23T15:52:43","modified_gmt":"2021-06-23T15:52:43","slug":"caja-externa-para-disco-duro-2-5-i-case-230-usb-3-0","status":"publish","type":"product","link":"https:\/\/server.idssoft.net\/idsdemo\/producto\/caja-externa-para-disco-duro-2-5-i-case-230-usb-3-0\/","title":{"rendered":"CAJA EXTERNA PARA DISCO DURO 2.5 I-CASE 230 USB 3.0"},"content":{"rendered":"<p>La carcasa para disco duro port\u00e1til SATA de 2.5? m\u00e1s compacta de Woxter.<br \/>Soporta discos duros de hasta 1 TB con conexi\u00f3n USB 3.0 (compatible 3.0\/2.0\/1.1\/1.0).<br \/>10 veces m\u00e1s r\u00e1pida que la conexi\u00f3n 2.0. Velocidad de transferencia de hasta<\/p>\n","protected":false},"excerpt":{"rendered":"<p>La carcasa para disco duro port\u00e1til SATA de 2.5? m\u00e1s compacta de Woxter.Soporta discos duros de hasta 1 TB con conexi\u00f3n USB 3.0 (compatible 3.0\/2.0\/1.1\/1.0).10 veces m\u00e1s r\u00e1pida que la conexi\u00f3n 2.0. Velocidad de transferencia de hasta<\/p>\n","protected":false},"featured_media":15839,"comment_status":"open","ping_status":"closed","template":"","meta":[],"product_cat":[570],"product_tag":[],"class_list":["post-15840","product","type-product","status-publish","has-post-thumbnail","hentry","product_cat-discos-duros","thunk-woo-product-list","opn-qv-enable","top-store-woo-hover-","top-store-single-product-tab-horizontal","top-store-shadow-","top-store-shadow-hover-"],"_links":{"self":[{"href":"https:\/\/server.idssoft.net\/idsdemo\/wp-json\/wp\/v2\/product\/15840","targetHints":{"allow":["GET"]}}],"collection":[{"href":"https:\/\/server.idssoft.net\/idsdemo\/wp-json\/wp\/v2\/product"}],"about":[{"href":"https:\/\/server.idssoft.net\/idsdemo\/wp-json\/wp\/v2\/types\/product"}],"replies":[{"embeddable":true,"href":"https:\/\/server.idssoft.net\/idsdemo\/wp-json\/wp\/v2\/comments?post=15840"}],"wp:featuredmedia":[{"embeddable":true,"href":"https:\/\/server.idssoft.net\/idsdemo\/wp-json\/wp\/v2\/media\/15839"}],"wp:attachment":[{"href":"https:\/\/server.idssoft.net\/idsdemo\/wp-json\/wp\/v2\/media?parent=15840"}],"wp:term":[{"taxonomy":"product_cat","embeddable":true,"href":"https:\/\/server.idssoft.net\/idsdemo\/wp-json\/wp\/v2\/product_cat?post=15840"},{"taxonomy":"product_tag","embeddable":true,"href":"https:\/\/server.idssoft.net\/idsdemo\/wp-json\/wp\/v2\/product_tag?post=15840"}],"curies":[{"name":"wp","href":"https:\/\/api.w.org\/{rel}","templated":true}]}}