{"id":15845,"date":"2021-06-23T15:52:52","date_gmt":"2021-06-23T15:52:52","guid":{"rendered":"https:\/\/server.idssoft.net\/idsdemo\/producto\/cortabarbas-philips-beardtrimmer-series-3000-bateria\/"},"modified":"2021-06-23T15:52:52","modified_gmt":"2021-06-23T15:52:52","slug":"cortabarbas-philips-beardtrimmer-series-3000-bateria","status":"publish","type":"product","link":"https:\/\/server.idssoft.net\/idsdemo\/producto\/cortabarbas-philips-beardtrimmer-series-3000-bateria\/","title":{"rendered":"CORTABARBAS PHILIPS BEARDTRIMMER SERIES 3000 BATERIA"},"content":{"rendered":"<p>El sistema Lift &amp; Trim corta un 30 % m\u00e1s r\u00e1pido*<br \/>posiciones con precisi\u00f3n de 1 mm<br \/>Cuchillas de acero inoxidable<br \/>45 min de uso sin cable\/10 h de carga<br \/>Sistema Lift &amp; Trim<\/p>\n<p>Posiciones de longitud<br \/>Desde 0,5 hasta<\/p>\n","protected":false},"excerpt":{"rendered":"<p>El sistema Lift &amp; Trim corta un 30 % m\u00e1s r\u00e1pido*posiciones con precisi\u00f3n de 1 mmCuchillas de acero inoxidable45 min de uso sin cable\/10 h de cargaSistema Lift &amp; Trim Posiciones de longitudDesde 0,5 hasta<\/p>\n","protected":false},"featured_media":15843,"comment_status":"open","ping_status":"closed","template":"","meta":[],"product_cat":[509],"product_tag":[],"class_list":["post-15845","product","type-product","status-publish","has-post-thumbnail","hentry","product_cat-cuidado-cabello","thunk-woo-product-list","opn-qv-enable","top-store-woo-hover-","top-store-single-product-tab-horizontal","top-store-shadow-","top-store-shadow-hover-"],"_links":{"self":[{"href":"https:\/\/server.idssoft.net\/idsdemo\/wp-json\/wp\/v2\/product\/15845","targetHints":{"allow":["GET"]}}],"collection":[{"href":"https:\/\/server.idssoft.net\/idsdemo\/wp-json\/wp\/v2\/product"}],"about":[{"href":"https:\/\/server.idssoft.net\/idsdemo\/wp-json\/wp\/v2\/types\/product"}],"replies":[{"embeddable":true,"href":"https:\/\/server.idssoft.net\/idsdemo\/wp-json\/wp\/v2\/comments?post=15845"}],"wp:featuredmedia":[{"embeddable":true,"href":"https:\/\/server.idssoft.net\/idsdemo\/wp-json\/wp\/v2\/media\/15843"}],"wp:attachment":[{"href":"https:\/\/server.idssoft.net\/idsdemo\/wp-json\/wp\/v2\/media?parent=15845"}],"wp:term":[{"taxonomy":"product_cat","embeddable":true,"href":"https:\/\/server.idssoft.net\/idsdemo\/wp-json\/wp\/v2\/product_cat?post=15845"},{"taxonomy":"product_tag","embeddable":true,"href":"https:\/\/server.idssoft.net\/idsdemo\/wp-json\/wp\/v2\/product_tag?post=15845"}],"curies":[{"name":"wp","href":"https:\/\/api.w.org\/{rel}","templated":true}]}}