{"id":15862,"date":"2021-06-23T15:53:22","date_gmt":"2021-06-23T15:53:22","guid":{"rendered":"https:\/\/server.idssoft.net\/idsdemo\/producto\/pack-24-cubiertos-monix-acero-inoxidable-m180973\/"},"modified":"2021-06-23T15:53:22","modified_gmt":"2021-06-23T15:53:22","slug":"pack-24-cubiertos-monix-acero-inoxidable-m180973","status":"publish","type":"product","link":"https:\/\/server.idssoft.net\/idsdemo\/producto\/pack-24-cubiertos-monix-acero-inoxidable-m180973\/","title":{"rendered":"PACK 24 CUBIERTOS MONIX ACERO INOXIDABLE M180973"},"content":{"rendered":"<p>\u2022Fabricado en acero inoxidable 18\/C (AISI 420) de la mejor calidad<br \/>\u2022Espesor 1,8 mm<br \/>\u2022Composici\u00f3n: 6 cucharas \/ 6 tenedores \/ 6 cuchillos \/ 6 cucharitas caf\u00e9<br \/>\u2022Dise\u00f1o atemporal para tu d\u00eda a d\u00eda<br \/>\u2022Mango de l\u00edneas rectas<\/p>\n","protected":false},"excerpt":{"rendered":"<p>\u2022Fabricado en acero inoxidable 18\/C (AISI 420) de la mejor calidad\u2022Espesor 1,8 mm\u2022Composici\u00f3n: 6 cucharas \/ 6 tenedores \/ 6 cuchillos \/ 6 cucharitas caf\u00e9\u2022Dise\u00f1o atemporal para tu d\u00eda a d\u00eda\u2022Mango de l\u00edneas rectas<\/p>\n","protected":false},"featured_media":15860,"comment_status":"open","ping_status":"closed","template":"","meta":[],"product_cat":[521],"product_tag":[],"class_list":["post-15862","product","type-product","status-publish","has-post-thumbnail","hentry","product_cat-cubiertos","thunk-woo-product-list","opn-qv-enable","top-store-woo-hover-","top-store-single-product-tab-horizontal","top-store-shadow-","top-store-shadow-hover-"],"_links":{"self":[{"href":"https:\/\/server.idssoft.net\/idsdemo\/wp-json\/wp\/v2\/product\/15862","targetHints":{"allow":["GET"]}}],"collection":[{"href":"https:\/\/server.idssoft.net\/idsdemo\/wp-json\/wp\/v2\/product"}],"about":[{"href":"https:\/\/server.idssoft.net\/idsdemo\/wp-json\/wp\/v2\/types\/product"}],"replies":[{"embeddable":true,"href":"https:\/\/server.idssoft.net\/idsdemo\/wp-json\/wp\/v2\/comments?post=15862"}],"wp:featuredmedia":[{"embeddable":true,"href":"https:\/\/server.idssoft.net\/idsdemo\/wp-json\/wp\/v2\/media\/15860"}],"wp:attachment":[{"href":"https:\/\/server.idssoft.net\/idsdemo\/wp-json\/wp\/v2\/media?parent=15862"}],"wp:term":[{"taxonomy":"product_cat","embeddable":true,"href":"https:\/\/server.idssoft.net\/idsdemo\/wp-json\/wp\/v2\/product_cat?post=15862"},{"taxonomy":"product_tag","embeddable":true,"href":"https:\/\/server.idssoft.net\/idsdemo\/wp-json\/wp\/v2\/product_tag?post=15862"}],"curies":[{"name":"wp","href":"https:\/\/api.w.org\/{rel}","templated":true}]}}