{"id":15870,"date":"2021-06-23T15:53:37","date_gmt":"2021-06-23T15:53:37","guid":{"rendered":"https:\/\/server.idssoft.net\/idsdemo\/producto\/luz-led-nocturna-orbegozo-en-1400\/"},"modified":"2021-06-23T15:53:37","modified_gmt":"2021-06-23T15:53:37","slug":"luz-led-nocturna-orbegozo-en-1400","status":"publish","type":"product","link":"https:\/\/server.idssoft.net\/idsdemo\/producto\/luz-led-nocturna-orbegozo-en-1400\/","title":{"rendered":"LUZ LED NOCTURNA ORBEGOZO EN 1400"},"content":{"rendered":"<p>\u20221 enchufe VDE con luz LED nocturna.<br \/>\u2022Encendido y apagado autom\u00e1tico de la luz cuando la habitaci\u00f3n est\u00e1 a oscuras o iluminada.<br \/>\u2022Enchufe adecuado para aparatos de hasta 3600 W.<br \/>\u2022Luz LED de 3 colores (azul, verde y blanca).&lt;br<\/p>\n","protected":false},"excerpt":{"rendered":"<p>\u20221 enchufe VDE con luz LED nocturna.\u2022Encendido y apagado autom\u00e1tico de la luz cuando la habitaci\u00f3n est\u00e1 a oscuras o iluminada.\u2022Enchufe adecuado para aparatos de hasta 3600 W.\u2022Luz LED de 3 colores (azul, verde y blanca).&lt;br<\/p>\n","protected":false},"featured_media":15868,"comment_status":"open","ping_status":"closed","template":"","meta":[],"product_cat":[457],"product_tag":[],"class_list":["post-15870","product","type-product","status-publish","has-post-thumbnail","hentry","product_cat-linternas-lamparas","thunk-woo-product-list","opn-qv-enable","top-store-woo-hover-","top-store-single-product-tab-horizontal","top-store-shadow-","top-store-shadow-hover-"],"_links":{"self":[{"href":"https:\/\/server.idssoft.net\/idsdemo\/wp-json\/wp\/v2\/product\/15870","targetHints":{"allow":["GET"]}}],"collection":[{"href":"https:\/\/server.idssoft.net\/idsdemo\/wp-json\/wp\/v2\/product"}],"about":[{"href":"https:\/\/server.idssoft.net\/idsdemo\/wp-json\/wp\/v2\/types\/product"}],"replies":[{"embeddable":true,"href":"https:\/\/server.idssoft.net\/idsdemo\/wp-json\/wp\/v2\/comments?post=15870"}],"wp:featuredmedia":[{"embeddable":true,"href":"https:\/\/server.idssoft.net\/idsdemo\/wp-json\/wp\/v2\/media\/15868"}],"wp:attachment":[{"href":"https:\/\/server.idssoft.net\/idsdemo\/wp-json\/wp\/v2\/media?parent=15870"}],"wp:term":[{"taxonomy":"product_cat","embeddable":true,"href":"https:\/\/server.idssoft.net\/idsdemo\/wp-json\/wp\/v2\/product_cat?post=15870"},{"taxonomy":"product_tag","embeddable":true,"href":"https:\/\/server.idssoft.net\/idsdemo\/wp-json\/wp\/v2\/product_tag?post=15870"}],"curies":[{"name":"wp","href":"https:\/\/api.w.org\/{rel}","templated":true}]}}