{"id":15875,"date":"2021-06-23T15:53:46","date_gmt":"2021-06-23T15:53:46","guid":{"rendered":"https:\/\/server.idssoft.net\/idsdemo\/producto\/espejo-cosmetico-doble-cara-orbegozo-es5100\/"},"modified":"2021-06-23T15:53:46","modified_gmt":"2021-06-23T15:53:46","slug":"espejo-cosmetico-doble-cara-orbegozo-es5100","status":"publish","type":"product","link":"https:\/\/server.idssoft.net\/idsdemo\/producto\/espejo-cosmetico-doble-cara-orbegozo-es5100\/","title":{"rendered":"ESPEJO COSMETICO DOBLE CARA ORBEGOZO ES5100"},"content":{"rendered":"<p>Espejo cosm\u00e9tico 360\u00ba con base.<br \/>\u00d8 17 cm de di\u00e1metro.<br \/>Vidrio \u00f3ptico de alta calidad.<br \/>Acabado cromado.<br \/>Doble cara:<br \/>A: sin aumento<br \/>B: aumento x5.<br \/>Pie de gran estabilidad y antideslizante.<br \/>Altura: 34,5 cm.&lt;br \/<\/p>\n","protected":false},"excerpt":{"rendered":"<p>Espejo cosm\u00e9tico 360\u00ba con base.\u00d8 17 cm de di\u00e1metro.Vidrio \u00f3ptico de alta calidad.Acabado cromado.Doble cara:A: sin aumentoB: aumento x5.Pie de gran estabilidad y antideslizante.Altura: 34,5 cm.&lt;br \/<\/p>\n","protected":false},"featured_media":15873,"comment_status":"open","ping_status":"closed","template":"","meta":[],"product_cat":[552],"product_tag":[],"class_list":["post-15875","product","type-product","status-publish","has-post-thumbnail","hentry","product_cat-especial-baos","thunk-woo-product-list","opn-qv-enable","top-store-woo-hover-","top-store-single-product-tab-horizontal","top-store-shadow-","top-store-shadow-hover-"],"_links":{"self":[{"href":"https:\/\/server.idssoft.net\/idsdemo\/wp-json\/wp\/v2\/product\/15875","targetHints":{"allow":["GET"]}}],"collection":[{"href":"https:\/\/server.idssoft.net\/idsdemo\/wp-json\/wp\/v2\/product"}],"about":[{"href":"https:\/\/server.idssoft.net\/idsdemo\/wp-json\/wp\/v2\/types\/product"}],"replies":[{"embeddable":true,"href":"https:\/\/server.idssoft.net\/idsdemo\/wp-json\/wp\/v2\/comments?post=15875"}],"wp:featuredmedia":[{"embeddable":true,"href":"https:\/\/server.idssoft.net\/idsdemo\/wp-json\/wp\/v2\/media\/15873"}],"wp:attachment":[{"href":"https:\/\/server.idssoft.net\/idsdemo\/wp-json\/wp\/v2\/media?parent=15875"}],"wp:term":[{"taxonomy":"product_cat","embeddable":true,"href":"https:\/\/server.idssoft.net\/idsdemo\/wp-json\/wp\/v2\/product_cat?post=15875"},{"taxonomy":"product_tag","embeddable":true,"href":"https:\/\/server.idssoft.net\/idsdemo\/wp-json\/wp\/v2\/product_tag?post=15875"}],"curies":[{"name":"wp","href":"https:\/\/api.w.org\/{rel}","templated":true}]}}