{"id":15886,"date":"2021-06-23T15:54:06","date_gmt":"2021-06-23T15:54:06","guid":{"rendered":"https:\/\/server.idssoft.net\/idsdemo\/producto\/auriculares-bluetooth-ha-s35bt-azules-jvc\/"},"modified":"2021-06-23T15:54:06","modified_gmt":"2021-06-23T15:54:06","slug":"auriculares-bluetooth-ha-s35bt-azules-jvc","status":"publish","type":"product","link":"https:\/\/server.idssoft.net\/idsdemo\/producto\/auriculares-bluetooth-ha-s35bt-azules-jvc\/","title":{"rendered":"AURICULARES BLUETOOTH HA-S35BT AZULES JVC"},"content":{"rendered":"<p>\u2022Escucha sin cables tu m\u00fasica favorita<br \/>17 horas de escucha inal\u00e1mbrica con bater\u00eda recargable incorporada<br \/>\u2022Sistema Bass Boost para unos graves m\u00e1s din\u00e1micos (ON\/OFF)<br \/>\u2022Compatible con Asistente de Voz<br \/>\u2022Dise\u00f1o giratorio&lt;<\/p>\n","protected":false},"excerpt":{"rendered":"<p>\u2022Escucha sin cables tu m\u00fasica favorita17 horas de escucha inal\u00e1mbrica con bater\u00eda recargable incorporada\u2022Sistema Bass Boost para unos graves m\u00e1s din\u00e1micos (ON\/OFF)\u2022Compatible con Asistente de Voz\u2022Dise\u00f1o giratorio&lt;<\/p>\n","protected":false},"featured_media":15884,"comment_status":"open","ping_status":"closed","template":"","meta":[],"product_cat":[476],"product_tag":[],"class_list":["post-15886","product","type-product","status-publish","has-post-thumbnail","hentry","product_cat-auriculares-bluetooth","thunk-woo-product-list","opn-qv-enable","top-store-woo-hover-","top-store-single-product-tab-horizontal","top-store-shadow-","top-store-shadow-hover-"],"_links":{"self":[{"href":"https:\/\/server.idssoft.net\/idsdemo\/wp-json\/wp\/v2\/product\/15886","targetHints":{"allow":["GET"]}}],"collection":[{"href":"https:\/\/server.idssoft.net\/idsdemo\/wp-json\/wp\/v2\/product"}],"about":[{"href":"https:\/\/server.idssoft.net\/idsdemo\/wp-json\/wp\/v2\/types\/product"}],"replies":[{"embeddable":true,"href":"https:\/\/server.idssoft.net\/idsdemo\/wp-json\/wp\/v2\/comments?post=15886"}],"wp:featuredmedia":[{"embeddable":true,"href":"https:\/\/server.idssoft.net\/idsdemo\/wp-json\/wp\/v2\/media\/15884"}],"wp:attachment":[{"href":"https:\/\/server.idssoft.net\/idsdemo\/wp-json\/wp\/v2\/media?parent=15886"}],"wp:term":[{"taxonomy":"product_cat","embeddable":true,"href":"https:\/\/server.idssoft.net\/idsdemo\/wp-json\/wp\/v2\/product_cat?post=15886"},{"taxonomy":"product_tag","embeddable":true,"href":"https:\/\/server.idssoft.net\/idsdemo\/wp-json\/wp\/v2\/product_tag?post=15886"}],"curies":[{"name":"wp","href":"https:\/\/api.w.org\/{rel}","templated":true}]}}