{"id":15898,"date":"2021-06-23T15:54:26","date_gmt":"2021-06-23T15:54:26","guid":{"rendered":"https:\/\/server.idssoft.net\/idsdemo\/producto\/cafetera-de-capsulas-delta-quick-roja-80-capsulas-gratis\/"},"modified":"2021-06-23T15:54:26","modified_gmt":"2021-06-23T15:54:26","slug":"cafetera-de-capsulas-delta-quick-roja-80-capsulas-gratis","status":"publish","type":"product","link":"https:\/\/server.idssoft.net\/idsdemo\/producto\/cafetera-de-capsulas-delta-quick-roja-80-capsulas-gratis\/","title":{"rendered":"CAFETERA DE CAPSULAS DELTA QUICK ROJA + 80 C\u00c1PSULAS GRATIS"},"content":{"rendered":"<p>\u2022Peso 3 kg<br \/>\u2022Dep\u00f3sito de agua 0.8L<br \/>\u2022Dep\u00f3sito de c\u00e1psulas 10 c\u00e1psulas<br \/>\u2022Consumibles C\u00e1psulas Delta Q<br \/>\u2022Dimensiones: 116 x 257 x 350<br \/>\u2022Expulsi\u00f3n: eyecci\u00f3n manual (palanca) de la c\u00e1psula usada<br \/>\u2022Potencia: 12<\/p>\n","protected":false},"excerpt":{"rendered":"<p>\u2022Peso 3 kg\u2022Dep\u00f3sito de agua 0.8L\u2022Dep\u00f3sito de c\u00e1psulas 10 c\u00e1psulas\u2022Consumibles C\u00e1psulas Delta Q\u2022Dimensiones: 116 x 257 x 350\u2022Expulsi\u00f3n: eyecci\u00f3n manual (palanca) de la c\u00e1psula usada\u2022Potencia: 12<\/p>\n","protected":false},"featured_media":15896,"comment_status":"open","ping_status":"closed","template":"","meta":[],"product_cat":[502],"product_tag":[],"class_list":["post-15898","product","type-product","status-publish","has-post-thumbnail","hentry","product_cat-cafeteras-electricas","thunk-woo-product-list","opn-qv-enable","top-store-woo-hover-","top-store-single-product-tab-horizontal","top-store-shadow-","top-store-shadow-hover-"],"_links":{"self":[{"href":"https:\/\/server.idssoft.net\/idsdemo\/wp-json\/wp\/v2\/product\/15898","targetHints":{"allow":["GET"]}}],"collection":[{"href":"https:\/\/server.idssoft.net\/idsdemo\/wp-json\/wp\/v2\/product"}],"about":[{"href":"https:\/\/server.idssoft.net\/idsdemo\/wp-json\/wp\/v2\/types\/product"}],"replies":[{"embeddable":true,"href":"https:\/\/server.idssoft.net\/idsdemo\/wp-json\/wp\/v2\/comments?post=15898"}],"wp:featuredmedia":[{"embeddable":true,"href":"https:\/\/server.idssoft.net\/idsdemo\/wp-json\/wp\/v2\/media\/15896"}],"wp:attachment":[{"href":"https:\/\/server.idssoft.net\/idsdemo\/wp-json\/wp\/v2\/media?parent=15898"}],"wp:term":[{"taxonomy":"product_cat","embeddable":true,"href":"https:\/\/server.idssoft.net\/idsdemo\/wp-json\/wp\/v2\/product_cat?post=15898"},{"taxonomy":"product_tag","embeddable":true,"href":"https:\/\/server.idssoft.net\/idsdemo\/wp-json\/wp\/v2\/product_tag?post=15898"}],"curies":[{"name":"wp","href":"https:\/\/api.w.org\/{rel}","templated":true}]}}